{"id":1020,"date":"2025-08-05T16:20:29","date_gmt":"2025-08-05T14:20:29","guid":{"rendered":"https:\/\/gruposc.es\/asset-management\/"},"modified":"2025-08-05T16:20:29","modified_gmt":"2025-08-05T14:20:29","slug":"asset-management","status":"publish","type":"page","link":"https:\/\/gruposc.es\/en\/asset-management\/","title":{"rendered":"Asset Management"},"content":{"rendered":"\t\t<div data-elementor-type=\"wp-page\" data-elementor-id=\"1020\" class=\"elementor elementor-1020 elementor-200\" data-elementor-post-type=\"page\">\n\t\t\t\t\t\t<section class=\"elementor-section elementor-top-section elementor-element elementor-element-cfbdb24 elementor-section-height-min-height elementor-section-items-bottom elementor-section-boxed elementor-section-height-default\" data-id=\"cfbdb24\" data-element_type=\"section\" data-settings=\"{&quot;background_background&quot;:&quot;classic&quot;}\">\n\t\t\t\t\t\t<div class=\"elementor-container elementor-column-gap-default\">\n\t\t\t\t\t<div class=\"elementor-column elementor-col-100 elementor-top-column elementor-element elementor-element-c14af8b\" data-id=\"c14af8b\" data-element_type=\"column\">\n\t\t\t<div class=\"elementor-widget-wrap elementor-element-populated\">\n\t\t\t\t\t\t<div class=\"elementor-element elementor-element-9b4e012 elementor-widget elementor-widget-heading\" data-id=\"9b4e012\" data-element_type=\"widget\" data-widget_type=\"heading.default\">\n\t\t\t\t<div class=\"elementor-widget-container\">\n\t\t\t<h1 class=\"elementor-heading-title elementor-size-default\">Asset Management<\/h1>\t\t<\/div>\n\t\t\t\t<\/div>\n\t\t\t\t<div class=\"elementor-element elementor-element-90dc0f9 elementor-widget__width-auto elementor-absolute elementor-widget elementor-widget-image\" data-id=\"90dc0f9\" data-element_type=\"widget\" data-settings=\"{&quot;_position&quot;:&quot;absolute&quot;}\" data-widget_type=\"image.default\">\n\t\t\t\t<div class=\"elementor-widget-container\">\n\t\t\t\t\t\t\t\t\t\t\t\t\t<img decoding=\"async\" width=\"1\" height=\"1\" src=\"https:\/\/gruposc.es\/wp-content\/uploads\/2024\/05\/rayeta.svg\" class=\"attachment-large size-large wp-image-535\" alt=\"\" \/>\t\t\t\t\t\t\t\t\t\t\t\t\t<\/div>\n\t\t\t\t<\/div>\n\t\t\t\t\t<\/div>\n\t\t<\/div>\n\t\t\t\t\t<\/div>\n\t\t<\/section>\n\t\t\t\t<section class=\"elementor-section elementor-top-section elementor-element elementor-element-dbfef84 elementor-section-boxed elementor-section-height-default elementor-section-height-default\" data-id=\"dbfef84\" data-element_type=\"section\">\n\t\t\t\t\t\t<div class=\"elementor-container elementor-column-gap-default\">\n\t\t\t\t\t<div class=\"elementor-column elementor-col-100 elementor-top-column elementor-element elementor-element-4bf019d\" data-id=\"4bf019d\" data-element_type=\"column\">\n\t\t\t<div class=\"elementor-widget-wrap elementor-element-populated\">\n\t\t\t\t\t\t<div class=\"elementor-element elementor-element-cc547cb elementor-widget elementor-widget-spacer\" data-id=\"cc547cb\" data-element_type=\"widget\" data-widget_type=\"spacer.default\">\n\t\t\t\t<div class=\"elementor-widget-container\">\n\t\t\t\t\t<div class=\"elementor-spacer\">\n\t\t\t<div class=\"elementor-spacer-inner\"><\/div>\n\t\t<\/div>\n\t\t\t\t<\/div>\n\t\t\t\t<\/div>\n\t\t\t\t<div class=\"elementor-element elementor-element-3d3c4b7 elementor-widget elementor-widget-text-editor\" data-id=\"3d3c4b7\" data-element_type=\"widget\" data-widget_type=\"text-editor.default\">\n\t\t\t\t<div class=\"elementor-widget-container\">\n\t\t\t\t\t\t\t<p>AT <strong>GRUPO SC CONSULTORES<\/strong>, WE OFFER SPECIALIZED <strong>ASSET MANAGEMENT SERVICES<\/strong> FOCUSED ON <strong>INDUSTRIAL, LOGISTICS, AND RETAIL PROPERTIES<\/strong>, PRIMARILY IN THE <strong>VALENCIAN COMMUNITY<\/strong>, AND WITH GROWING ACTIVITY ACROSS THE REST OF SPAIN.<\/p>\n\t\t\t\t\t\t<\/div>\n\t\t\t\t<\/div>\n\t\t\t\t<div class=\"elementor-element elementor-element-623fb83 elementor-widget elementor-widget-spacer\" data-id=\"623fb83\" data-element_type=\"widget\" data-widget_type=\"spacer.default\">\n\t\t\t\t<div class=\"elementor-widget-container\">\n\t\t\t\t\t<div class=\"elementor-spacer\">\n\t\t\t<div class=\"elementor-spacer-inner\"><\/div>\n\t\t<\/div>\n\t\t\t\t<\/div>\n\t\t\t\t<\/div>\n\t\t\t\t<div class=\"elementor-element elementor-element-0a547c5 elementor-widget elementor-widget-image\" data-id=\"0a547c5\" data-element_type=\"widget\" data-widget_type=\"image.default\">\n\t\t\t\t<div class=\"elementor-widget-container\">\n\t\t\t\t\t\t\t\t\t\t\t\t\t<img fetchpriority=\"high\" decoding=\"async\" width=\"2560\" height=\"1707\" src=\"https:\/\/gruposc.es\/wp-content\/uploads\/2024\/05\/INVERSION_1.jpeg\" class=\"attachment-full size-full wp-image-585\" alt=\"Grupo Sc casa Eco\" srcset=\"https:\/\/gruposc.es\/wp-content\/uploads\/2024\/05\/INVERSION_1.jpeg 2560w, https:\/\/gruposc.es\/wp-content\/uploads\/2024\/05\/INVERSION_1-300x200.jpeg 300w, https:\/\/gruposc.es\/wp-content\/uploads\/2024\/05\/INVERSION_1-1024x683.jpeg 1024w, https:\/\/gruposc.es\/wp-content\/uploads\/2024\/05\/INVERSION_1-768x512.jpeg 768w, https:\/\/gruposc.es\/wp-content\/uploads\/2024\/05\/INVERSION_1-1536x1024.jpeg 1536w, https:\/\/gruposc.es\/wp-content\/uploads\/2024\/05\/INVERSION_1-2048x1366.jpeg 2048w\" sizes=\"(max-width: 2560px) 100vw, 2560px\" \/>\t\t\t\t\t\t\t\t\t\t\t\t\t<\/div>\n\t\t\t\t<\/div>\n\t\t\t\t<div class=\"elementor-element elementor-element-37c940e elementor-widget elementor-widget-text-editor\" data-id=\"37c940e\" data-element_type=\"widget\" data-widget_type=\"text-editor.default\">\n\t\t\t\t<div class=\"elementor-widget-container\">\n\t\t\t\t\t\t\tOur core objective is to <strong>maximize the performance of each asset<\/strong>, ensuring operational efficiency, value enhancement, and full alignment with our clients\u2019 investment strategies.\r\n\r\nWe manage assets both <strong>on behalf of our clients<\/strong>, helping them optimize their real estate investments, and through <strong>direct management of assets in which we are invested<\/strong>, always with a strong focus on value creation.\r\n\r\nOur asset management services include:\r\n<ul>\r\n \t<li>Tailored management plans for individual assets or entire portfolios.<\/li>\r\n \t<li>Optimization of rental income, occupancy rates, and operating costs.<\/li>\r\n \t<li>Lease negotiation, tenant relationship, and contract oversight.<\/li>\r\n \t<li>Asset repositioning to unlock full potential.<\/li>\r\n \t<li>Ongoing technical, financial, and strategic analysis.<\/li>\r\n \t<li>Coordination of maintenance, refurbishments, and upgrades.<\/li>\r\n<\/ul>\r\nWe work with a long-term vision, offering commitment, strategic insight, and personalized service. Our experience allows us to make well-informed, agile decisions to stay ahead of the market and enhance the profitability of every asset we manage.\t\t\t\t\t\t<\/div>\n\t\t\t\t<\/div>\n\t\t\t\t<div class=\"elementor-element elementor-element-e0f1f11 elementor-widget elementor-widget-spacer\" data-id=\"e0f1f11\" data-element_type=\"widget\" data-widget_type=\"spacer.default\">\n\t\t\t\t<div class=\"elementor-widget-container\">\n\t\t\t\t\t<div class=\"elementor-spacer\">\n\t\t\t<div class=\"elementor-spacer-inner\"><\/div>\n\t\t<\/div>\n\t\t\t\t<\/div>\n\t\t\t\t<\/div>\n\t\t\t\t<div class=\"elementor-element elementor-element-1e55add elementor-widget elementor-widget-spacer\" data-id=\"1e55add\" data-element_type=\"widget\" data-widget_type=\"spacer.default\">\n\t\t\t\t<div class=\"elementor-widget-container\">\n\t\t\t\t\t<div class=\"elementor-spacer\">\n\t\t\t<div class=\"elementor-spacer-inner\"><\/div>\n\t\t<\/div>\n\t\t\t\t<\/div>\n\t\t\t\t<\/div>\n\t\t\t\t\t<\/div>\n\t\t<\/div>\n\t\t\t\t\t<\/div>\n\t\t<\/section>\n\t\t\t\t<\/div>\n\t\t","protected":false},"excerpt":{"rendered":"<p>Asset Management AT GRUPO SC CONSULTORES, WE OFFER SPECIALIZED ASSET MANAGEMENT SERVICES FOCUSED ON INDUSTRIAL, LOGISTICS, AND RETAIL PROPERTIES, PRIMARILY IN THE VALENCIAN COMMUNITY, AND WITH GROWING ACTIVITY ACROSS THE REST OF SPAIN. Our core objective is to maximize the performance of each asset, ensuring operational efficiency, value enhancement, and full alignment with our clients\u2019 [&hellip;]<\/p>\n","protected":false},"author":1,"featured_media":0,"parent":0,"menu_order":0,"comment_status":"closed","ping_status":"closed","template":"","meta":{"footnotes":""},"class_list":["post-1020","page","type-page","status-publish","hentry"],"yoast_head":"<!-- This site is optimized with the Yoast SEO plugin v22.7 - https:\/\/yoast.com\/wordpress\/plugins\/seo\/ -->\n<title>Asset Management - GRUPO SC. Consultor\u00eda, promoci\u00f3n. inversi\u00f3n y proyectos Inmobiliarios. Ontinyent<\/title>\n<meta name=\"robots\" content=\"index, follow, max-snippet:-1, max-image-preview:large, max-video-preview:-1\" \/>\n<link rel=\"canonical\" href=\"https:\/\/gruposc.es\/en\/asset-management\/\" \/>\n<meta property=\"og:locale\" content=\"en_US\" \/>\n<meta property=\"og:type\" content=\"article\" \/>\n<meta property=\"og:title\" content=\"Asset Management - GRUPO SC. Consultor\u00eda, promoci\u00f3n. inversi\u00f3n y proyectos Inmobiliarios. Ontinyent\" \/>\n<meta property=\"og:description\" content=\"Asset Management AT GRUPO SC CONSULTORES, WE OFFER SPECIALIZED ASSET MANAGEMENT SERVICES FOCUSED ON INDUSTRIAL, LOGISTICS, AND RETAIL PROPERTIES, PRIMARILY IN THE VALENCIAN COMMUNITY, AND WITH GROWING ACTIVITY ACROSS THE REST OF SPAIN. Our core objective is to maximize the performance of each asset, ensuring operational efficiency, value enhancement, and full alignment with our clients\u2019 [&hellip;]\" \/>\n<meta property=\"og:url\" content=\"https:\/\/gruposc.es\/en\/asset-management\/\" \/>\n<meta property=\"og:site_name\" content=\"GRUPO SC. Consultor\u00eda, promoci\u00f3n. inversi\u00f3n y proyectos Inmobiliarios. Ontinyent\" \/>\n<meta property=\"og:image\" content=\"https:\/\/gruposc.es\/wp-content\/uploads\/2024\/05\/rayeta.svg\" \/>\n<meta name=\"twitter:card\" content=\"summary_large_image\" \/>\n<meta name=\"twitter:label1\" content=\"Est. reading time\" \/>\n\t<meta name=\"twitter:data1\" content=\"1 minute\" \/>\n<script type=\"application\/ld+json\" class=\"yoast-schema-graph\">{\"@context\":\"https:\/\/schema.org\",\"@graph\":[{\"@type\":\"WebPage\",\"@id\":\"https:\/\/gruposc.es\/en\/asset-management\/\",\"url\":\"https:\/\/gruposc.es\/en\/asset-management\/\",\"name\":\"Asset Management - GRUPO SC. Consultor\u00eda, promoci\u00f3n. inversi\u00f3n y proyectos Inmobiliarios. Ontinyent\",\"isPartOf\":{\"@id\":\"https:\/\/gruposc.es\/en\/#website\"},\"primaryImageOfPage\":{\"@id\":\"https:\/\/gruposc.es\/en\/asset-management\/#primaryimage\"},\"image\":{\"@id\":\"https:\/\/gruposc.es\/en\/asset-management\/#primaryimage\"},\"thumbnailUrl\":\"https:\/\/gruposc.es\/wp-content\/uploads\/2024\/05\/rayeta.svg\",\"datePublished\":\"2025-08-05T14:20:29+00:00\",\"dateModified\":\"2025-08-05T14:20:29+00:00\",\"breadcrumb\":{\"@id\":\"https:\/\/gruposc.es\/en\/asset-management\/#breadcrumb\"},\"inLanguage\":\"en-US\",\"potentialAction\":[{\"@type\":\"ReadAction\",\"target\":[\"https:\/\/gruposc.es\/en\/asset-management\/\"]}]},{\"@type\":\"ImageObject\",\"inLanguage\":\"en-US\",\"@id\":\"https:\/\/gruposc.es\/en\/asset-management\/#primaryimage\",\"url\":\"https:\/\/gruposc.es\/wp-content\/uploads\/2024\/05\/rayeta.svg\",\"contentUrl\":\"https:\/\/gruposc.es\/wp-content\/uploads\/2024\/05\/rayeta.svg\"},{\"@type\":\"BreadcrumbList\",\"@id\":\"https:\/\/gruposc.es\/en\/asset-management\/#breadcrumb\",\"itemListElement\":[{\"@type\":\"ListItem\",\"position\":1,\"name\":\"Portada\",\"item\":\"https:\/\/gruposc.es\/en\/\"},{\"@type\":\"ListItem\",\"position\":2,\"name\":\"Asset Management\"}]},{\"@type\":\"WebSite\",\"@id\":\"https:\/\/gruposc.es\/en\/#website\",\"url\":\"https:\/\/gruposc.es\/en\/\",\"name\":\"GRUPO SC. Consultor\u00eda, promoci\u00f3n. inversi\u00f3n y proyectos Inmobiliarios. Ontinyent\",\"description\":\"Consultor\u00eda, promoci\u00f3n. inversi\u00f3n y proyectos. Ontinyent.\",\"publisher\":{\"@id\":\"https:\/\/gruposc.es\/en\/#organization\"},\"potentialAction\":[{\"@type\":\"SearchAction\",\"target\":{\"@type\":\"EntryPoint\",\"urlTemplate\":\"https:\/\/gruposc.es\/en\/?s={search_term_string}\"},\"query-input\":\"required name=search_term_string\"}],\"inLanguage\":\"en-US\"},{\"@type\":\"Organization\",\"@id\":\"https:\/\/gruposc.es\/en\/#organization\",\"name\":\"GRUPO SC. Consultor\u00eda, promoci\u00f3n. inversi\u00f3n y proyectos Inmobiliarios. Ontinyent\",\"url\":\"https:\/\/gruposc.es\/en\/\",\"logo\":{\"@type\":\"ImageObject\",\"inLanguage\":\"en-US\",\"@id\":\"https:\/\/gruposc.es\/en\/#\/schema\/logo\/image\/\",\"url\":\"https:\/\/gruposc.es\/wp-content\/uploads\/2024\/05\/logo_GRUPOSC_blanco.svg\",\"contentUrl\":\"https:\/\/gruposc.es\/wp-content\/uploads\/2024\/05\/logo_GRUPOSC_blanco.svg\",\"width\":305.43,\"height\":67.36,\"caption\":\"GRUPO SC. Consultor\u00eda, promoci\u00f3n. inversi\u00f3n y proyectos Inmobiliarios. Ontinyent\"},\"image\":{\"@id\":\"https:\/\/gruposc.es\/en\/#\/schema\/logo\/image\/\"}}]}<\/script>\n<!-- \/ Yoast SEO plugin. -->","yoast_head_json":{"title":"Asset Management - GRUPO SC. Consultor\u00eda, promoci\u00f3n. inversi\u00f3n y proyectos Inmobiliarios. Ontinyent","robots":{"index":"index","follow":"follow","max-snippet":"max-snippet:-1","max-image-preview":"max-image-preview:large","max-video-preview":"max-video-preview:-1"},"canonical":"https:\/\/gruposc.es\/en\/asset-management\/","og_locale":"en_US","og_type":"article","og_title":"Asset Management - GRUPO SC. Consultor\u00eda, promoci\u00f3n. inversi\u00f3n y proyectos Inmobiliarios. Ontinyent","og_description":"Asset Management AT GRUPO SC CONSULTORES, WE OFFER SPECIALIZED ASSET MANAGEMENT SERVICES FOCUSED ON INDUSTRIAL, LOGISTICS, AND RETAIL PROPERTIES, PRIMARILY IN THE VALENCIAN COMMUNITY, AND WITH GROWING ACTIVITY ACROSS THE REST OF SPAIN. Our core objective is to maximize the performance of each asset, ensuring operational efficiency, value enhancement, and full alignment with our clients\u2019 [&hellip;]","og_url":"https:\/\/gruposc.es\/en\/asset-management\/","og_site_name":"GRUPO SC. Consultor\u00eda, promoci\u00f3n. inversi\u00f3n y proyectos Inmobiliarios. Ontinyent","og_image":[{"url":"https:\/\/gruposc.es\/wp-content\/uploads\/2024\/05\/rayeta.svg"}],"twitter_card":"summary_large_image","twitter_misc":{"Est. reading time":"1 minute"},"schema":{"@context":"https:\/\/schema.org","@graph":[{"@type":"WebPage","@id":"https:\/\/gruposc.es\/en\/asset-management\/","url":"https:\/\/gruposc.es\/en\/asset-management\/","name":"Asset Management - GRUPO SC. Consultor\u00eda, promoci\u00f3n. inversi\u00f3n y proyectos Inmobiliarios. Ontinyent","isPartOf":{"@id":"https:\/\/gruposc.es\/en\/#website"},"primaryImageOfPage":{"@id":"https:\/\/gruposc.es\/en\/asset-management\/#primaryimage"},"image":{"@id":"https:\/\/gruposc.es\/en\/asset-management\/#primaryimage"},"thumbnailUrl":"https:\/\/gruposc.es\/wp-content\/uploads\/2024\/05\/rayeta.svg","datePublished":"2025-08-05T14:20:29+00:00","dateModified":"2025-08-05T14:20:29+00:00","breadcrumb":{"@id":"https:\/\/gruposc.es\/en\/asset-management\/#breadcrumb"},"inLanguage":"en-US","potentialAction":[{"@type":"ReadAction","target":["https:\/\/gruposc.es\/en\/asset-management\/"]}]},{"@type":"ImageObject","inLanguage":"en-US","@id":"https:\/\/gruposc.es\/en\/asset-management\/#primaryimage","url":"https:\/\/gruposc.es\/wp-content\/uploads\/2024\/05\/rayeta.svg","contentUrl":"https:\/\/gruposc.es\/wp-content\/uploads\/2024\/05\/rayeta.svg"},{"@type":"BreadcrumbList","@id":"https:\/\/gruposc.es\/en\/asset-management\/#breadcrumb","itemListElement":[{"@type":"ListItem","position":1,"name":"Portada","item":"https:\/\/gruposc.es\/en\/"},{"@type":"ListItem","position":2,"name":"Asset Management"}]},{"@type":"WebSite","@id":"https:\/\/gruposc.es\/en\/#website","url":"https:\/\/gruposc.es\/en\/","name":"GRUPO SC. Consultor\u00eda, promoci\u00f3n. inversi\u00f3n y proyectos Inmobiliarios. Ontinyent","description":"Consultor\u00eda, promoci\u00f3n. inversi\u00f3n y proyectos. Ontinyent.","publisher":{"@id":"https:\/\/gruposc.es\/en\/#organization"},"potentialAction":[{"@type":"SearchAction","target":{"@type":"EntryPoint","urlTemplate":"https:\/\/gruposc.es\/en\/?s={search_term_string}"},"query-input":"required name=search_term_string"}],"inLanguage":"en-US"},{"@type":"Organization","@id":"https:\/\/gruposc.es\/en\/#organization","name":"GRUPO SC. Consultor\u00eda, promoci\u00f3n. inversi\u00f3n y proyectos Inmobiliarios. Ontinyent","url":"https:\/\/gruposc.es\/en\/","logo":{"@type":"ImageObject","inLanguage":"en-US","@id":"https:\/\/gruposc.es\/en\/#\/schema\/logo\/image\/","url":"https:\/\/gruposc.es\/wp-content\/uploads\/2024\/05\/logo_GRUPOSC_blanco.svg","contentUrl":"https:\/\/gruposc.es\/wp-content\/uploads\/2024\/05\/logo_GRUPOSC_blanco.svg","width":305.43,"height":67.36,"caption":"GRUPO SC. Consultor\u00eda, promoci\u00f3n. inversi\u00f3n y proyectos Inmobiliarios. Ontinyent"},"image":{"@id":"https:\/\/gruposc.es\/en\/#\/schema\/logo\/image\/"}}]}},"_links":{"self":[{"href":"https:\/\/gruposc.es\/en\/wp-json\/wp\/v2\/pages\/1020","targetHints":{"allow":["GET"]}}],"collection":[{"href":"https:\/\/gruposc.es\/en\/wp-json\/wp\/v2\/pages"}],"about":[{"href":"https:\/\/gruposc.es\/en\/wp-json\/wp\/v2\/types\/page"}],"author":[{"embeddable":true,"href":"https:\/\/gruposc.es\/en\/wp-json\/wp\/v2\/users\/1"}],"replies":[{"embeddable":true,"href":"https:\/\/gruposc.es\/en\/wp-json\/wp\/v2\/comments?post=1020"}],"version-history":[{"count":1,"href":"https:\/\/gruposc.es\/en\/wp-json\/wp\/v2\/pages\/1020\/revisions"}],"predecessor-version":[{"id":1021,"href":"https:\/\/gruposc.es\/en\/wp-json\/wp\/v2\/pages\/1020\/revisions\/1021"}],"wp:attachment":[{"href":"https:\/\/gruposc.es\/en\/wp-json\/wp\/v2\/media?parent=1020"}],"curies":[{"name":"wp","href":"https:\/\/api.w.org\/{rel}","templated":true}]}}