{"id":1016,"date":"2025-08-05T16:18:05","date_gmt":"2025-08-05T14:18:05","guid":{"rendered":"https:\/\/gruposc.es\/investment\/"},"modified":"2025-08-05T16:18:06","modified_gmt":"2025-08-05T14:18:06","slug":"investment","status":"publish","type":"page","link":"https:\/\/gruposc.es\/en\/investment\/","title":{"rendered":"Investment"},"content":{"rendered":"\t\t<div data-elementor-type=\"wp-page\" data-elementor-id=\"1016\" class=\"elementor elementor-1016 elementor-203\" data-elementor-post-type=\"page\">\n\t\t\t\t\t\t<section class=\"elementor-section elementor-top-section elementor-element elementor-element-130a1c6 elementor-section-height-min-height elementor-section-items-bottom elementor-section-boxed elementor-section-height-default\" data-id=\"130a1c6\" data-element_type=\"section\" data-settings=\"{&quot;background_background&quot;:&quot;classic&quot;}\">\n\t\t\t\t\t\t<div class=\"elementor-container elementor-column-gap-default\">\n\t\t\t\t\t<div class=\"elementor-column elementor-col-100 elementor-top-column elementor-element elementor-element-b478b8c\" data-id=\"b478b8c\" data-element_type=\"column\">\n\t\t\t<div class=\"elementor-widget-wrap elementor-element-populated\">\n\t\t\t\t\t\t<div class=\"elementor-element elementor-element-12c5588 elementor-widget elementor-widget-heading\" data-id=\"12c5588\" data-element_type=\"widget\" data-widget_type=\"heading.default\">\n\t\t\t\t<div class=\"elementor-widget-container\">\n\t\t\t<h1 class=\"elementor-heading-title elementor-size-default\">Investment<\/h1>\t\t<\/div>\n\t\t\t\t<\/div>\n\t\t\t\t<div class=\"elementor-element elementor-element-a8d1425 elementor-widget__width-auto elementor-absolute elementor-widget elementor-widget-image\" data-id=\"a8d1425\" data-element_type=\"widget\" data-settings=\"{&quot;_position&quot;:&quot;absolute&quot;}\" data-widget_type=\"image.default\">\n\t\t\t\t<div class=\"elementor-widget-container\">\n\t\t\t\t\t\t\t\t\t\t\t\t\t<img decoding=\"async\" width=\"1\" height=\"1\" src=\"https:\/\/gruposc.es\/wp-content\/uploads\/2024\/05\/rayeta.svg\" class=\"attachment-large size-large wp-image-535\" alt=\"\" \/>\t\t\t\t\t\t\t\t\t\t\t\t\t<\/div>\n\t\t\t\t<\/div>\n\t\t\t\t\t<\/div>\n\t\t<\/div>\n\t\t\t\t\t<\/div>\n\t\t<\/section>\n\t\t\t\t<section class=\"elementor-section elementor-top-section elementor-element elementor-element-11b41e7 elementor-section-boxed elementor-section-height-default elementor-section-height-default\" data-id=\"11b41e7\" data-element_type=\"section\">\n\t\t\t\t\t\t<div class=\"elementor-container elementor-column-gap-default\">\n\t\t\t\t\t<div class=\"elementor-column elementor-col-100 elementor-top-column elementor-element elementor-element-7fbc720\" data-id=\"7fbc720\" data-element_type=\"column\">\n\t\t\t<div class=\"elementor-widget-wrap elementor-element-populated\">\n\t\t\t\t\t\t<div class=\"elementor-element elementor-element-f8a7bdb elementor-widget elementor-widget-spacer\" data-id=\"f8a7bdb\" data-element_type=\"widget\" data-widget_type=\"spacer.default\">\n\t\t\t\t<div class=\"elementor-widget-container\">\n\t\t\t\t\t<div class=\"elementor-spacer\">\n\t\t\t<div class=\"elementor-spacer-inner\"><\/div>\n\t\t<\/div>\n\t\t\t\t<\/div>\n\t\t\t\t<\/div>\n\t\t\t\t<div class=\"elementor-element elementor-element-4a06fa8 elementor-widget elementor-widget-text-editor\" data-id=\"4a06fa8\" data-element_type=\"widget\" data-widget_type=\"text-editor.default\">\n\t\t\t\t<div class=\"elementor-widget-container\">\n\t\t\t\t\t\t\t<p>AT <strong>GRUPO SC CONSULTORES<\/strong>, WE IDENTIFY, STRUCTURE, AND DEVELOP <strong>REAL ESTATE AND CORPORATE INVESTMENT OPPORTUNITIES<\/strong>, WITH A STRATEGIC FOCUS ON THE <strong>INDUSTRIAL, LOGISTICS, AND RETAIL SECTORS<\/strong>.<\/p>\n\t\t\t\t\t\t<\/div>\n\t\t\t\t<\/div>\n\t\t\t\t<div class=\"elementor-element elementor-element-bd791db elementor-widget elementor-widget-image\" data-id=\"bd791db\" data-element_type=\"widget\" data-widget_type=\"image.default\">\n\t\t\t\t<div class=\"elementor-widget-container\">\n\t\t\t\t\t\t\t\t\t\t\t\t\t<img fetchpriority=\"high\" decoding=\"async\" width=\"2560\" height=\"1707\" src=\"https:\/\/gruposc.es\/wp-content\/uploads\/2024\/05\/INVERSION_1.jpeg\" class=\"attachment-full size-full wp-image-585\" alt=\"Grupo Sc casa Eco\" srcset=\"https:\/\/gruposc.es\/wp-content\/uploads\/2024\/05\/INVERSION_1.jpeg 2560w, https:\/\/gruposc.es\/wp-content\/uploads\/2024\/05\/INVERSION_1-300x200.jpeg 300w, https:\/\/gruposc.es\/wp-content\/uploads\/2024\/05\/INVERSION_1-1024x683.jpeg 1024w, https:\/\/gruposc.es\/wp-content\/uploads\/2024\/05\/INVERSION_1-768x512.jpeg 768w, https:\/\/gruposc.es\/wp-content\/uploads\/2024\/05\/INVERSION_1-1536x1024.jpeg 1536w, https:\/\/gruposc.es\/wp-content\/uploads\/2024\/05\/INVERSION_1-2048x1366.jpeg 2048w\" sizes=\"(max-width: 2560px) 100vw, 2560px\" \/>\t\t\t\t\t\t\t\t\t\t\t\t\t<\/div>\n\t\t\t\t<\/div>\n\t\t\t\t<div class=\"elementor-element elementor-element-ecc0680 elementor-widget elementor-widget-text-editor\" data-id=\"ecc0680\" data-element_type=\"widget\" data-widget_type=\"text-editor.default\">\n\t\t\t\t<div class=\"elementor-widget-container\">\n\t\t\t\t\t\t\tOur deep market insight allows us to detect high-potential assets and projects that generate long-term value and profitability \u2014 both for <strong>our investor clients<\/strong> and through <strong>our own direct participation as investors<\/strong>.\r\n\r\nWith a strong presence in the <strong>Valencian Community<\/strong> and growing activity across the rest of Spain, we actively work in:\r\n<ul>\r\n \t<li><strong>Direct real estate investment<\/strong>: industrial, logistics, commercial assets, and strategic land.<\/li>\r\n \t<li><strong>Investment in companies<\/strong> linked to productive sectors, including growth, restructuring, or succession processes.<\/li>\r\n \t<li><strong>Co-investment and strategic alliances<\/strong> with funds, family offices, developers, and industrial groups.<\/li>\r\n \t<li><strong>Tailored project development<\/strong>, combining capital, management, and business insight.<\/li>\r\n<\/ul>\r\nWe act with a pragmatic, selective, and committed approach \u2014 aligning our interests with those of our partners and clients to maximize long-term value. In each investment, we contribute not only capital, but also strategic analysis, access to a strong network, and active involvement throughout the life of the project.\t\t\t\t\t\t<\/div>\n\t\t\t\t<\/div>\n\t\t\t\t<div class=\"elementor-element elementor-element-52dd44b elementor-widget elementor-widget-spacer\" data-id=\"52dd44b\" data-element_type=\"widget\" data-widget_type=\"spacer.default\">\n\t\t\t\t<div class=\"elementor-widget-container\">\n\t\t\t\t\t<div class=\"elementor-spacer\">\n\t\t\t<div class=\"elementor-spacer-inner\"><\/div>\n\t\t<\/div>\n\t\t\t\t<\/div>\n\t\t\t\t<\/div>\n\t\t\t\t<div class=\"elementor-element elementor-element-6f21b5f elementor-widget elementor-widget-spacer\" data-id=\"6f21b5f\" data-element_type=\"widget\" data-widget_type=\"spacer.default\">\n\t\t\t\t<div class=\"elementor-widget-container\">\n\t\t\t\t\t<div class=\"elementor-spacer\">\n\t\t\t<div class=\"elementor-spacer-inner\"><\/div>\n\t\t<\/div>\n\t\t\t\t<\/div>\n\t\t\t\t<\/div>\n\t\t\t\t<div class=\"elementor-element elementor-element-46db39a elementor-widget elementor-widget-image\" data-id=\"46db39a\" data-element_type=\"widget\" data-widget_type=\"image.default\">\n\t\t\t\t<div class=\"elementor-widget-container\">\n\t\t\t\t\t\t\t\t\t\t\t\t\t<img decoding=\"async\" width=\"2560\" height=\"1707\" src=\"https:\/\/gruposc.es\/wp-content\/uploads\/2024\/05\/INVERSION_2-scaled.jpeg\" class=\"attachment-full size-full wp-image-587\" alt=\"Grupo Sc casa Blanca\" srcset=\"https:\/\/gruposc.es\/wp-content\/uploads\/2024\/05\/INVERSION_2-scaled.jpeg 2560w, https:\/\/gruposc.es\/wp-content\/uploads\/2024\/05\/INVERSION_2-300x200.jpeg 300w, https:\/\/gruposc.es\/wp-content\/uploads\/2024\/05\/INVERSION_2-1024x683.jpeg 1024w, https:\/\/gruposc.es\/wp-content\/uploads\/2024\/05\/INVERSION_2-768x512.jpeg 768w, https:\/\/gruposc.es\/wp-content\/uploads\/2024\/05\/INVERSION_2-1536x1024.jpeg 1536w, https:\/\/gruposc.es\/wp-content\/uploads\/2024\/05\/INVERSION_2-2048x1365.jpeg 2048w\" sizes=\"(max-width: 2560px) 100vw, 2560px\" \/>\t\t\t\t\t\t\t\t\t\t\t\t\t<\/div>\n\t\t\t\t<\/div>\n\t\t\t\t\t<\/div>\n\t\t<\/div>\n\t\t\t\t\t<\/div>\n\t\t<\/section>\n\t\t\t\t<\/div>\n\t\t","protected":false},"excerpt":{"rendered":"<p>Investment AT GRUPO SC CONSULTORES, WE IDENTIFY, STRUCTURE, AND DEVELOP REAL ESTATE AND CORPORATE INVESTMENT OPPORTUNITIES, WITH A STRATEGIC FOCUS ON THE INDUSTRIAL, LOGISTICS, AND RETAIL SECTORS. Our deep market insight allows us to detect high-potential assets and projects that generate long-term value and profitability \u2014 both for our investor clients and through our own [&hellip;]<\/p>\n","protected":false},"author":1,"featured_media":0,"parent":0,"menu_order":0,"comment_status":"closed","ping_status":"closed","template":"","meta":{"footnotes":""},"class_list":["post-1016","page","type-page","status-publish","hentry"],"yoast_head":"<!-- This site is optimized with the Yoast SEO plugin v22.7 - https:\/\/yoast.com\/wordpress\/plugins\/seo\/ -->\n<title>Investment - GRUPO SC. Consultor\u00eda, promoci\u00f3n. inversi\u00f3n y proyectos Inmobiliarios. Ontinyent<\/title>\n<meta name=\"robots\" content=\"index, follow, max-snippet:-1, max-image-preview:large, max-video-preview:-1\" \/>\n<link rel=\"canonical\" href=\"https:\/\/gruposc.es\/en\/investment\/\" \/>\n<meta property=\"og:locale\" content=\"en_US\" \/>\n<meta property=\"og:type\" content=\"article\" \/>\n<meta property=\"og:title\" content=\"Investment - GRUPO SC. Consultor\u00eda, promoci\u00f3n. inversi\u00f3n y proyectos Inmobiliarios. Ontinyent\" \/>\n<meta property=\"og:description\" content=\"Investment AT GRUPO SC CONSULTORES, WE IDENTIFY, STRUCTURE, AND DEVELOP REAL ESTATE AND CORPORATE INVESTMENT OPPORTUNITIES, WITH A STRATEGIC FOCUS ON THE INDUSTRIAL, LOGISTICS, AND RETAIL SECTORS. Our deep market insight allows us to detect high-potential assets and projects that generate long-term value and profitability \u2014 both for our investor clients and through our own [&hellip;]\" \/>\n<meta property=\"og:url\" content=\"https:\/\/gruposc.es\/en\/investment\/\" \/>\n<meta property=\"og:site_name\" content=\"GRUPO SC. Consultor\u00eda, promoci\u00f3n. inversi\u00f3n y proyectos Inmobiliarios. Ontinyent\" \/>\n<meta property=\"article:modified_time\" content=\"2025-08-05T14:18:06+00:00\" \/>\n<meta property=\"og:image\" content=\"https:\/\/gruposc.es\/wp-content\/uploads\/2024\/05\/rayeta.svg\" \/>\n<meta name=\"twitter:card\" content=\"summary_large_image\" \/>\n<meta name=\"twitter:label1\" content=\"Est. reading time\" \/>\n\t<meta name=\"twitter:data1\" content=\"1 minute\" \/>\n<script type=\"application\/ld+json\" class=\"yoast-schema-graph\">{\"@context\":\"https:\/\/schema.org\",\"@graph\":[{\"@type\":\"WebPage\",\"@id\":\"https:\/\/gruposc.es\/en\/investment\/\",\"url\":\"https:\/\/gruposc.es\/en\/investment\/\",\"name\":\"Investment - GRUPO SC. Consultor\u00eda, promoci\u00f3n. inversi\u00f3n y proyectos Inmobiliarios. Ontinyent\",\"isPartOf\":{\"@id\":\"https:\/\/gruposc.es\/en\/#website\"},\"primaryImageOfPage\":{\"@id\":\"https:\/\/gruposc.es\/en\/investment\/#primaryimage\"},\"image\":{\"@id\":\"https:\/\/gruposc.es\/en\/investment\/#primaryimage\"},\"thumbnailUrl\":\"https:\/\/gruposc.es\/wp-content\/uploads\/2024\/05\/rayeta.svg\",\"datePublished\":\"2025-08-05T14:18:05+00:00\",\"dateModified\":\"2025-08-05T14:18:06+00:00\",\"breadcrumb\":{\"@id\":\"https:\/\/gruposc.es\/en\/investment\/#breadcrumb\"},\"inLanguage\":\"en-US\",\"potentialAction\":[{\"@type\":\"ReadAction\",\"target\":[\"https:\/\/gruposc.es\/en\/investment\/\"]}]},{\"@type\":\"ImageObject\",\"inLanguage\":\"en-US\",\"@id\":\"https:\/\/gruposc.es\/en\/investment\/#primaryimage\",\"url\":\"https:\/\/gruposc.es\/wp-content\/uploads\/2024\/05\/rayeta.svg\",\"contentUrl\":\"https:\/\/gruposc.es\/wp-content\/uploads\/2024\/05\/rayeta.svg\"},{\"@type\":\"BreadcrumbList\",\"@id\":\"https:\/\/gruposc.es\/en\/investment\/#breadcrumb\",\"itemListElement\":[{\"@type\":\"ListItem\",\"position\":1,\"name\":\"Portada\",\"item\":\"https:\/\/gruposc.es\/en\/\"},{\"@type\":\"ListItem\",\"position\":2,\"name\":\"Investment\"}]},{\"@type\":\"WebSite\",\"@id\":\"https:\/\/gruposc.es\/en\/#website\",\"url\":\"https:\/\/gruposc.es\/en\/\",\"name\":\"GRUPO SC. Consultor\u00eda, promoci\u00f3n. inversi\u00f3n y proyectos Inmobiliarios. Ontinyent\",\"description\":\"Consultor\u00eda, promoci\u00f3n. inversi\u00f3n y proyectos. Ontinyent.\",\"publisher\":{\"@id\":\"https:\/\/gruposc.es\/en\/#organization\"},\"potentialAction\":[{\"@type\":\"SearchAction\",\"target\":{\"@type\":\"EntryPoint\",\"urlTemplate\":\"https:\/\/gruposc.es\/en\/?s={search_term_string}\"},\"query-input\":\"required name=search_term_string\"}],\"inLanguage\":\"en-US\"},{\"@type\":\"Organization\",\"@id\":\"https:\/\/gruposc.es\/en\/#organization\",\"name\":\"GRUPO SC. Consultor\u00eda, promoci\u00f3n. inversi\u00f3n y proyectos Inmobiliarios. Ontinyent\",\"url\":\"https:\/\/gruposc.es\/en\/\",\"logo\":{\"@type\":\"ImageObject\",\"inLanguage\":\"en-US\",\"@id\":\"https:\/\/gruposc.es\/en\/#\/schema\/logo\/image\/\",\"url\":\"https:\/\/gruposc.es\/wp-content\/uploads\/2024\/05\/logo_GRUPOSC_blanco.svg\",\"contentUrl\":\"https:\/\/gruposc.es\/wp-content\/uploads\/2024\/05\/logo_GRUPOSC_blanco.svg\",\"width\":305.43,\"height\":67.36,\"caption\":\"GRUPO SC. Consultor\u00eda, promoci\u00f3n. inversi\u00f3n y proyectos Inmobiliarios. Ontinyent\"},\"image\":{\"@id\":\"https:\/\/gruposc.es\/en\/#\/schema\/logo\/image\/\"}}]}<\/script>\n<!-- \/ Yoast SEO plugin. -->","yoast_head_json":{"title":"Investment - GRUPO SC. Consultor\u00eda, promoci\u00f3n. inversi\u00f3n y proyectos Inmobiliarios. Ontinyent","robots":{"index":"index","follow":"follow","max-snippet":"max-snippet:-1","max-image-preview":"max-image-preview:large","max-video-preview":"max-video-preview:-1"},"canonical":"https:\/\/gruposc.es\/en\/investment\/","og_locale":"en_US","og_type":"article","og_title":"Investment - GRUPO SC. Consultor\u00eda, promoci\u00f3n. inversi\u00f3n y proyectos Inmobiliarios. Ontinyent","og_description":"Investment AT GRUPO SC CONSULTORES, WE IDENTIFY, STRUCTURE, AND DEVELOP REAL ESTATE AND CORPORATE INVESTMENT OPPORTUNITIES, WITH A STRATEGIC FOCUS ON THE INDUSTRIAL, LOGISTICS, AND RETAIL SECTORS. Our deep market insight allows us to detect high-potential assets and projects that generate long-term value and profitability \u2014 both for our investor clients and through our own [&hellip;]","og_url":"https:\/\/gruposc.es\/en\/investment\/","og_site_name":"GRUPO SC. Consultor\u00eda, promoci\u00f3n. inversi\u00f3n y proyectos Inmobiliarios. Ontinyent","article_modified_time":"2025-08-05T14:18:06+00:00","og_image":[{"url":"https:\/\/gruposc.es\/wp-content\/uploads\/2024\/05\/rayeta.svg"}],"twitter_card":"summary_large_image","twitter_misc":{"Est. reading time":"1 minute"},"schema":{"@context":"https:\/\/schema.org","@graph":[{"@type":"WebPage","@id":"https:\/\/gruposc.es\/en\/investment\/","url":"https:\/\/gruposc.es\/en\/investment\/","name":"Investment - GRUPO SC. Consultor\u00eda, promoci\u00f3n. inversi\u00f3n y proyectos Inmobiliarios. Ontinyent","isPartOf":{"@id":"https:\/\/gruposc.es\/en\/#website"},"primaryImageOfPage":{"@id":"https:\/\/gruposc.es\/en\/investment\/#primaryimage"},"image":{"@id":"https:\/\/gruposc.es\/en\/investment\/#primaryimage"},"thumbnailUrl":"https:\/\/gruposc.es\/wp-content\/uploads\/2024\/05\/rayeta.svg","datePublished":"2025-08-05T14:18:05+00:00","dateModified":"2025-08-05T14:18:06+00:00","breadcrumb":{"@id":"https:\/\/gruposc.es\/en\/investment\/#breadcrumb"},"inLanguage":"en-US","potentialAction":[{"@type":"ReadAction","target":["https:\/\/gruposc.es\/en\/investment\/"]}]},{"@type":"ImageObject","inLanguage":"en-US","@id":"https:\/\/gruposc.es\/en\/investment\/#primaryimage","url":"https:\/\/gruposc.es\/wp-content\/uploads\/2024\/05\/rayeta.svg","contentUrl":"https:\/\/gruposc.es\/wp-content\/uploads\/2024\/05\/rayeta.svg"},{"@type":"BreadcrumbList","@id":"https:\/\/gruposc.es\/en\/investment\/#breadcrumb","itemListElement":[{"@type":"ListItem","position":1,"name":"Portada","item":"https:\/\/gruposc.es\/en\/"},{"@type":"ListItem","position":2,"name":"Investment"}]},{"@type":"WebSite","@id":"https:\/\/gruposc.es\/en\/#website","url":"https:\/\/gruposc.es\/en\/","name":"GRUPO SC. Consultor\u00eda, promoci\u00f3n. inversi\u00f3n y proyectos Inmobiliarios. Ontinyent","description":"Consultor\u00eda, promoci\u00f3n. inversi\u00f3n y proyectos. Ontinyent.","publisher":{"@id":"https:\/\/gruposc.es\/en\/#organization"},"potentialAction":[{"@type":"SearchAction","target":{"@type":"EntryPoint","urlTemplate":"https:\/\/gruposc.es\/en\/?s={search_term_string}"},"query-input":"required name=search_term_string"}],"inLanguage":"en-US"},{"@type":"Organization","@id":"https:\/\/gruposc.es\/en\/#organization","name":"GRUPO SC. Consultor\u00eda, promoci\u00f3n. inversi\u00f3n y proyectos Inmobiliarios. Ontinyent","url":"https:\/\/gruposc.es\/en\/","logo":{"@type":"ImageObject","inLanguage":"en-US","@id":"https:\/\/gruposc.es\/en\/#\/schema\/logo\/image\/","url":"https:\/\/gruposc.es\/wp-content\/uploads\/2024\/05\/logo_GRUPOSC_blanco.svg","contentUrl":"https:\/\/gruposc.es\/wp-content\/uploads\/2024\/05\/logo_GRUPOSC_blanco.svg","width":305.43,"height":67.36,"caption":"GRUPO SC. Consultor\u00eda, promoci\u00f3n. inversi\u00f3n y proyectos Inmobiliarios. Ontinyent"},"image":{"@id":"https:\/\/gruposc.es\/en\/#\/schema\/logo\/image\/"}}]}},"_links":{"self":[{"href":"https:\/\/gruposc.es\/en\/wp-json\/wp\/v2\/pages\/1016","targetHints":{"allow":["GET"]}}],"collection":[{"href":"https:\/\/gruposc.es\/en\/wp-json\/wp\/v2\/pages"}],"about":[{"href":"https:\/\/gruposc.es\/en\/wp-json\/wp\/v2\/types\/page"}],"author":[{"embeddable":true,"href":"https:\/\/gruposc.es\/en\/wp-json\/wp\/v2\/users\/1"}],"replies":[{"embeddable":true,"href":"https:\/\/gruposc.es\/en\/wp-json\/wp\/v2\/comments?post=1016"}],"version-history":[{"count":1,"href":"https:\/\/gruposc.es\/en\/wp-json\/wp\/v2\/pages\/1016\/revisions"}],"predecessor-version":[{"id":1017,"href":"https:\/\/gruposc.es\/en\/wp-json\/wp\/v2\/pages\/1016\/revisions\/1017"}],"wp:attachment":[{"href":"https:\/\/gruposc.es\/en\/wp-json\/wp\/v2\/media?parent=1016"}],"curies":[{"name":"wp","href":"https:\/\/api.w.org\/{rel}","templated":true}]}}