{"id":1006,"date":"2025-08-05T16:12:46","date_gmt":"2025-08-05T14:12:46","guid":{"rendered":"https:\/\/gruposc.es\/consulting\/"},"modified":"2025-08-05T16:12:46","modified_gmt":"2025-08-05T14:12:46","slug":"consulting","status":"publish","type":"page","link":"https:\/\/gruposc.es\/en\/consulting\/","title":{"rendered":"Consulting"},"content":{"rendered":"\t\t<div data-elementor-type=\"wp-page\" data-elementor-id=\"1006\" class=\"elementor elementor-1006 elementor-197\" data-elementor-post-type=\"page\">\n\t\t\t\t\t\t<section class=\"elementor-section elementor-top-section elementor-element elementor-element-75fdbc4 elementor-section-height-min-height elementor-section-items-bottom elementor-section-boxed elementor-section-height-default\" data-id=\"75fdbc4\" data-element_type=\"section\" data-settings=\"{&quot;background_background&quot;:&quot;classic&quot;}\">\n\t\t\t\t\t\t<div class=\"elementor-container elementor-column-gap-default\">\n\t\t\t\t\t<div class=\"elementor-column elementor-col-100 elementor-top-column elementor-element elementor-element-17206d7\" data-id=\"17206d7\" data-element_type=\"column\">\n\t\t\t<div class=\"elementor-widget-wrap elementor-element-populated\">\n\t\t\t\t\t\t<div class=\"elementor-element elementor-element-ed3c7f1 elementor-widget elementor-widget-heading\" data-id=\"ed3c7f1\" data-element_type=\"widget\" data-widget_type=\"heading.default\">\n\t\t\t\t<div class=\"elementor-widget-container\">\n\t\t\t<h1 class=\"elementor-heading-title elementor-size-default\">CONSULTING<\/h1>\t\t<\/div>\n\t\t\t\t<\/div>\n\t\t\t\t<div class=\"elementor-element elementor-element-a1b866b elementor-widget__width-auto elementor-absolute elementor-widget elementor-widget-image\" data-id=\"a1b866b\" data-element_type=\"widget\" data-settings=\"{&quot;_position&quot;:&quot;absolute&quot;}\" data-widget_type=\"image.default\">\n\t\t\t\t<div class=\"elementor-widget-container\">\n\t\t\t\t\t\t\t\t\t\t\t\t\t<img decoding=\"async\" width=\"1\" height=\"1\" src=\"https:\/\/gruposc.es\/wp-content\/uploads\/2024\/05\/rayeta.svg\" class=\"attachment-large size-large wp-image-535\" alt=\"\" \/>\t\t\t\t\t\t\t\t\t\t\t\t\t<\/div>\n\t\t\t\t<\/div>\n\t\t\t\t\t<\/div>\n\t\t<\/div>\n\t\t\t\t\t<\/div>\n\t\t<\/section>\n\t\t\t\t<section class=\"elementor-section elementor-top-section elementor-element elementor-element-beda0be elementor-section-boxed elementor-section-height-default elementor-section-height-default\" data-id=\"beda0be\" data-element_type=\"section\">\n\t\t\t\t\t\t<div class=\"elementor-container elementor-column-gap-default\">\n\t\t\t\t\t<div class=\"elementor-column elementor-col-100 elementor-top-column elementor-element elementor-element-42bad04\" data-id=\"42bad04\" data-element_type=\"column\">\n\t\t\t<div class=\"elementor-widget-wrap elementor-element-populated\">\n\t\t\t\t\t\t<div class=\"elementor-element elementor-element-c2b3687 elementor-widget elementor-widget-spacer\" data-id=\"c2b3687\" data-element_type=\"widget\" data-widget_type=\"spacer.default\">\n\t\t\t\t<div class=\"elementor-widget-container\">\n\t\t\t\t\t<div class=\"elementor-spacer\">\n\t\t\t<div class=\"elementor-spacer-inner\"><\/div>\n\t\t<\/div>\n\t\t\t\t<\/div>\n\t\t\t\t<\/div>\n\t\t\t\t<div class=\"elementor-element elementor-element-e859d0d elementor-widget__width-initial elementor-widget elementor-widget-text-editor\" data-id=\"e859d0d\" data-element_type=\"widget\" data-widget_type=\"text-editor.default\">\n\t\t\t\t<div class=\"elementor-widget-container\">\n\t\t\t\t\t\t\t<p>AT <strong>GRUPO SC CONSULTORES<\/strong>, WE PROVIDE COMPREHENSIVE <strong>REAL ESTATE AND INVESTMENT CONSULTING SERVICES<\/strong>, WITH A STRONG FOCUS ON <strong>INDUSTRIAL, LOGISTICS, AND RETAIL ASSETS.<\/strong><\/p>\n\t\t\t\t\t\t<\/div>\n\t\t\t\t<\/div>\n\t\t\t\t<div class=\"elementor-element elementor-element-3d9ccfb elementor-widget elementor-widget-spacer\" data-id=\"3d9ccfb\" data-element_type=\"widget\" data-widget_type=\"spacer.default\">\n\t\t\t\t<div class=\"elementor-widget-container\">\n\t\t\t\t\t<div class=\"elementor-spacer\">\n\t\t\t<div class=\"elementor-spacer-inner\"><\/div>\n\t\t<\/div>\n\t\t\t\t<\/div>\n\t\t\t\t<\/div>\n\t\t\t\t<div class=\"elementor-element elementor-element-1cada65 elementor-widget elementor-widget-image\" data-id=\"1cada65\" data-element_type=\"widget\" data-widget_type=\"image.default\">\n\t\t\t\t<div class=\"elementor-widget-container\">\n\t\t\t\t\t\t\t\t\t\t\t\t\t<img fetchpriority=\"high\" decoding=\"async\" width=\"2560\" height=\"1707\" src=\"https:\/\/gruposc.es\/wp-content\/uploads\/2024\/05\/INVERSION_1.jpeg\" class=\"attachment-full size-full wp-image-585\" alt=\"Grupo Sc casa Eco\" srcset=\"https:\/\/gruposc.es\/wp-content\/uploads\/2024\/05\/INVERSION_1.jpeg 2560w, https:\/\/gruposc.es\/wp-content\/uploads\/2024\/05\/INVERSION_1-300x200.jpeg 300w, https:\/\/gruposc.es\/wp-content\/uploads\/2024\/05\/INVERSION_1-1024x683.jpeg 1024w, https:\/\/gruposc.es\/wp-content\/uploads\/2024\/05\/INVERSION_1-768x512.jpeg 768w, https:\/\/gruposc.es\/wp-content\/uploads\/2024\/05\/INVERSION_1-1536x1024.jpeg 1536w, https:\/\/gruposc.es\/wp-content\/uploads\/2024\/05\/INVERSION_1-2048x1366.jpeg 2048w\" sizes=\"(max-width: 2560px) 100vw, 2560px\" \/>\t\t\t\t\t\t\t\t\t\t\t\t\t<\/div>\n\t\t\t\t<\/div>\n\t\t\t\t<div class=\"elementor-element elementor-element-5f11bd4 elementor-widget elementor-widget-text-editor\" data-id=\"5f11bd4\" data-element_type=\"widget\" data-widget_type=\"text-editor.default\">\n\t\t\t\t<div class=\"elementor-widget-container\">\n\t\t\t\t\t\t\t<p>Our approach combines deep market knowledge with strategic, tailored advice aimed at creating real value for our clients.<\/p>\n<p>With a solid presence in the <strong>Valencian Community<\/strong> and growing activity throughout the rest of Spain, we support companies, investors, and operators in making key decisions \u2014 from identifying opportunities to optimizing assets and executing complex transactions.<\/p>\n<p>Our team analyzes each project with technical precision and business insight, offering custom solutions for:<\/p>\n<ul>\n<li>Purchase, sale, and lease of real estate assets.<\/li>\n<li>Investment feasibility analysis and valuations.<\/li>\n<li>Portfolio restructuring and repositioning.<\/li>\n<li>Strategic land and location search.<\/li>\n<li>Market studies and trend analysis.<\/li>\n<\/ul>\n<p>We prioritize long-term relationships based on trust, transparency, and results. In a dynamic and competitive environment, we act as strategic partners who understand our clients\u2019 business and know how to position them for success.<\/p>\n\t\t\t\t\t\t<\/div>\n\t\t\t\t<\/div>\n\t\t\t\t<div class=\"elementor-element elementor-element-05350c4 elementor-widget elementor-widget-spacer\" data-id=\"05350c4\" data-element_type=\"widget\" data-widget_type=\"spacer.default\">\n\t\t\t\t<div class=\"elementor-widget-container\">\n\t\t\t\t\t<div class=\"elementor-spacer\">\n\t\t\t<div class=\"elementor-spacer-inner\"><\/div>\n\t\t<\/div>\n\t\t\t\t<\/div>\n\t\t\t\t<\/div>\n\t\t\t\t<div class=\"elementor-element elementor-element-9ce22e1 elementor-widget elementor-widget-spacer\" data-id=\"9ce22e1\" data-element_type=\"widget\" data-widget_type=\"spacer.default\">\n\t\t\t\t<div class=\"elementor-widget-container\">\n\t\t\t\t\t<div class=\"elementor-spacer\">\n\t\t\t<div class=\"elementor-spacer-inner\"><\/div>\n\t\t<\/div>\n\t\t\t\t<\/div>\n\t\t\t\t<\/div>\n\t\t\t\t\t<\/div>\n\t\t<\/div>\n\t\t\t\t\t<\/div>\n\t\t<\/section>\n\t\t\t\t<\/div>\n\t\t","protected":false},"excerpt":{"rendered":"<p>CONSULTING AT GRUPO SC CONSULTORES, WE PROVIDE COMPREHENSIVE REAL ESTATE AND INVESTMENT CONSULTING SERVICES, WITH A STRONG FOCUS ON INDUSTRIAL, LOGISTICS, AND RETAIL ASSETS. Our approach combines deep market knowledge with strategic, tailored advice aimed at creating real value for our clients. With a solid presence in the Valencian Community and growing activity throughout the [&hellip;]<\/p>\n","protected":false},"author":1,"featured_media":0,"parent":0,"menu_order":0,"comment_status":"closed","ping_status":"closed","template":"","meta":{"footnotes":""},"class_list":["post-1006","page","type-page","status-publish","hentry"],"yoast_head":"<!-- This site is optimized with the Yoast SEO plugin v22.7 - https:\/\/yoast.com\/wordpress\/plugins\/seo\/ -->\n<title>Consulting - GRUPO SC. Consultor\u00eda, promoci\u00f3n. inversi\u00f3n y proyectos Inmobiliarios. Ontinyent<\/title>\n<meta name=\"robots\" content=\"index, follow, max-snippet:-1, max-image-preview:large, max-video-preview:-1\" \/>\n<link rel=\"canonical\" href=\"https:\/\/gruposc.es\/en\/consulting\/\" \/>\n<meta property=\"og:locale\" content=\"en_US\" \/>\n<meta property=\"og:type\" content=\"article\" \/>\n<meta property=\"og:title\" content=\"Consulting - GRUPO SC. Consultor\u00eda, promoci\u00f3n. inversi\u00f3n y proyectos Inmobiliarios. Ontinyent\" \/>\n<meta property=\"og:description\" content=\"CONSULTING AT GRUPO SC CONSULTORES, WE PROVIDE COMPREHENSIVE REAL ESTATE AND INVESTMENT CONSULTING SERVICES, WITH A STRONG FOCUS ON INDUSTRIAL, LOGISTICS, AND RETAIL ASSETS. Our approach combines deep market knowledge with strategic, tailored advice aimed at creating real value for our clients. With a solid presence in the Valencian Community and growing activity throughout the [&hellip;]\" \/>\n<meta property=\"og:url\" content=\"https:\/\/gruposc.es\/en\/consulting\/\" \/>\n<meta property=\"og:site_name\" content=\"GRUPO SC. Consultor\u00eda, promoci\u00f3n. inversi\u00f3n y proyectos Inmobiliarios. Ontinyent\" \/>\n<meta property=\"og:image\" content=\"https:\/\/gruposc.es\/wp-content\/uploads\/2024\/05\/rayeta.svg\" \/>\n<meta name=\"twitter:card\" content=\"summary_large_image\" \/>\n<meta name=\"twitter:label1\" content=\"Est. reading time\" \/>\n\t<meta name=\"twitter:data1\" content=\"1 minute\" \/>\n<script type=\"application\/ld+json\" class=\"yoast-schema-graph\">{\"@context\":\"https:\/\/schema.org\",\"@graph\":[{\"@type\":\"WebPage\",\"@id\":\"https:\/\/gruposc.es\/en\/consulting\/\",\"url\":\"https:\/\/gruposc.es\/en\/consulting\/\",\"name\":\"Consulting - GRUPO SC. Consultor\u00eda, promoci\u00f3n. inversi\u00f3n y proyectos Inmobiliarios. Ontinyent\",\"isPartOf\":{\"@id\":\"https:\/\/gruposc.es\/en\/#website\"},\"primaryImageOfPage\":{\"@id\":\"https:\/\/gruposc.es\/en\/consulting\/#primaryimage\"},\"image\":{\"@id\":\"https:\/\/gruposc.es\/en\/consulting\/#primaryimage\"},\"thumbnailUrl\":\"https:\/\/gruposc.es\/wp-content\/uploads\/2024\/05\/rayeta.svg\",\"datePublished\":\"2025-08-05T14:12:46+00:00\",\"dateModified\":\"2025-08-05T14:12:46+00:00\",\"breadcrumb\":{\"@id\":\"https:\/\/gruposc.es\/en\/consulting\/#breadcrumb\"},\"inLanguage\":\"en-US\",\"potentialAction\":[{\"@type\":\"ReadAction\",\"target\":[\"https:\/\/gruposc.es\/en\/consulting\/\"]}]},{\"@type\":\"ImageObject\",\"inLanguage\":\"en-US\",\"@id\":\"https:\/\/gruposc.es\/en\/consulting\/#primaryimage\",\"url\":\"https:\/\/gruposc.es\/wp-content\/uploads\/2024\/05\/rayeta.svg\",\"contentUrl\":\"https:\/\/gruposc.es\/wp-content\/uploads\/2024\/05\/rayeta.svg\"},{\"@type\":\"BreadcrumbList\",\"@id\":\"https:\/\/gruposc.es\/en\/consulting\/#breadcrumb\",\"itemListElement\":[{\"@type\":\"ListItem\",\"position\":1,\"name\":\"Portada\",\"item\":\"https:\/\/gruposc.es\/en\/\"},{\"@type\":\"ListItem\",\"position\":2,\"name\":\"Consulting\"}]},{\"@type\":\"WebSite\",\"@id\":\"https:\/\/gruposc.es\/en\/#website\",\"url\":\"https:\/\/gruposc.es\/en\/\",\"name\":\"GRUPO SC. Consultor\u00eda, promoci\u00f3n. inversi\u00f3n y proyectos Inmobiliarios. Ontinyent\",\"description\":\"Consultor\u00eda, promoci\u00f3n. inversi\u00f3n y proyectos. Ontinyent.\",\"publisher\":{\"@id\":\"https:\/\/gruposc.es\/en\/#organization\"},\"potentialAction\":[{\"@type\":\"SearchAction\",\"target\":{\"@type\":\"EntryPoint\",\"urlTemplate\":\"https:\/\/gruposc.es\/en\/?s={search_term_string}\"},\"query-input\":\"required name=search_term_string\"}],\"inLanguage\":\"en-US\"},{\"@type\":\"Organization\",\"@id\":\"https:\/\/gruposc.es\/en\/#organization\",\"name\":\"GRUPO SC. Consultor\u00eda, promoci\u00f3n. inversi\u00f3n y proyectos Inmobiliarios. Ontinyent\",\"url\":\"https:\/\/gruposc.es\/en\/\",\"logo\":{\"@type\":\"ImageObject\",\"inLanguage\":\"en-US\",\"@id\":\"https:\/\/gruposc.es\/en\/#\/schema\/logo\/image\/\",\"url\":\"https:\/\/gruposc.es\/wp-content\/uploads\/2024\/05\/logo_GRUPOSC_blanco.svg\",\"contentUrl\":\"https:\/\/gruposc.es\/wp-content\/uploads\/2024\/05\/logo_GRUPOSC_blanco.svg\",\"width\":305.43,\"height\":67.36,\"caption\":\"GRUPO SC. Consultor\u00eda, promoci\u00f3n. inversi\u00f3n y proyectos Inmobiliarios. Ontinyent\"},\"image\":{\"@id\":\"https:\/\/gruposc.es\/en\/#\/schema\/logo\/image\/\"}}]}<\/script>\n<!-- \/ Yoast SEO plugin. -->","yoast_head_json":{"title":"Consulting - GRUPO SC. Consultor\u00eda, promoci\u00f3n. inversi\u00f3n y proyectos Inmobiliarios. Ontinyent","robots":{"index":"index","follow":"follow","max-snippet":"max-snippet:-1","max-image-preview":"max-image-preview:large","max-video-preview":"max-video-preview:-1"},"canonical":"https:\/\/gruposc.es\/en\/consulting\/","og_locale":"en_US","og_type":"article","og_title":"Consulting - GRUPO SC. Consultor\u00eda, promoci\u00f3n. inversi\u00f3n y proyectos Inmobiliarios. Ontinyent","og_description":"CONSULTING AT GRUPO SC CONSULTORES, WE PROVIDE COMPREHENSIVE REAL ESTATE AND INVESTMENT CONSULTING SERVICES, WITH A STRONG FOCUS ON INDUSTRIAL, LOGISTICS, AND RETAIL ASSETS. Our approach combines deep market knowledge with strategic, tailored advice aimed at creating real value for our clients. With a solid presence in the Valencian Community and growing activity throughout the [&hellip;]","og_url":"https:\/\/gruposc.es\/en\/consulting\/","og_site_name":"GRUPO SC. Consultor\u00eda, promoci\u00f3n. inversi\u00f3n y proyectos Inmobiliarios. Ontinyent","og_image":[{"url":"https:\/\/gruposc.es\/wp-content\/uploads\/2024\/05\/rayeta.svg"}],"twitter_card":"summary_large_image","twitter_misc":{"Est. reading time":"1 minute"},"schema":{"@context":"https:\/\/schema.org","@graph":[{"@type":"WebPage","@id":"https:\/\/gruposc.es\/en\/consulting\/","url":"https:\/\/gruposc.es\/en\/consulting\/","name":"Consulting - GRUPO SC. Consultor\u00eda, promoci\u00f3n. inversi\u00f3n y proyectos Inmobiliarios. Ontinyent","isPartOf":{"@id":"https:\/\/gruposc.es\/en\/#website"},"primaryImageOfPage":{"@id":"https:\/\/gruposc.es\/en\/consulting\/#primaryimage"},"image":{"@id":"https:\/\/gruposc.es\/en\/consulting\/#primaryimage"},"thumbnailUrl":"https:\/\/gruposc.es\/wp-content\/uploads\/2024\/05\/rayeta.svg","datePublished":"2025-08-05T14:12:46+00:00","dateModified":"2025-08-05T14:12:46+00:00","breadcrumb":{"@id":"https:\/\/gruposc.es\/en\/consulting\/#breadcrumb"},"inLanguage":"en-US","potentialAction":[{"@type":"ReadAction","target":["https:\/\/gruposc.es\/en\/consulting\/"]}]},{"@type":"ImageObject","inLanguage":"en-US","@id":"https:\/\/gruposc.es\/en\/consulting\/#primaryimage","url":"https:\/\/gruposc.es\/wp-content\/uploads\/2024\/05\/rayeta.svg","contentUrl":"https:\/\/gruposc.es\/wp-content\/uploads\/2024\/05\/rayeta.svg"},{"@type":"BreadcrumbList","@id":"https:\/\/gruposc.es\/en\/consulting\/#breadcrumb","itemListElement":[{"@type":"ListItem","position":1,"name":"Portada","item":"https:\/\/gruposc.es\/en\/"},{"@type":"ListItem","position":2,"name":"Consulting"}]},{"@type":"WebSite","@id":"https:\/\/gruposc.es\/en\/#website","url":"https:\/\/gruposc.es\/en\/","name":"GRUPO SC. Consultor\u00eda, promoci\u00f3n. inversi\u00f3n y proyectos Inmobiliarios. Ontinyent","description":"Consultor\u00eda, promoci\u00f3n. inversi\u00f3n y proyectos. Ontinyent.","publisher":{"@id":"https:\/\/gruposc.es\/en\/#organization"},"potentialAction":[{"@type":"SearchAction","target":{"@type":"EntryPoint","urlTemplate":"https:\/\/gruposc.es\/en\/?s={search_term_string}"},"query-input":"required name=search_term_string"}],"inLanguage":"en-US"},{"@type":"Organization","@id":"https:\/\/gruposc.es\/en\/#organization","name":"GRUPO SC. Consultor\u00eda, promoci\u00f3n. inversi\u00f3n y proyectos Inmobiliarios. Ontinyent","url":"https:\/\/gruposc.es\/en\/","logo":{"@type":"ImageObject","inLanguage":"en-US","@id":"https:\/\/gruposc.es\/en\/#\/schema\/logo\/image\/","url":"https:\/\/gruposc.es\/wp-content\/uploads\/2024\/05\/logo_GRUPOSC_blanco.svg","contentUrl":"https:\/\/gruposc.es\/wp-content\/uploads\/2024\/05\/logo_GRUPOSC_blanco.svg","width":305.43,"height":67.36,"caption":"GRUPO SC. Consultor\u00eda, promoci\u00f3n. inversi\u00f3n y proyectos Inmobiliarios. Ontinyent"},"image":{"@id":"https:\/\/gruposc.es\/en\/#\/schema\/logo\/image\/"}}]}},"_links":{"self":[{"href":"https:\/\/gruposc.es\/en\/wp-json\/wp\/v2\/pages\/1006","targetHints":{"allow":["GET"]}}],"collection":[{"href":"https:\/\/gruposc.es\/en\/wp-json\/wp\/v2\/pages"}],"about":[{"href":"https:\/\/gruposc.es\/en\/wp-json\/wp\/v2\/types\/page"}],"author":[{"embeddable":true,"href":"https:\/\/gruposc.es\/en\/wp-json\/wp\/v2\/users\/1"}],"replies":[{"embeddable":true,"href":"https:\/\/gruposc.es\/en\/wp-json\/wp\/v2\/comments?post=1006"}],"version-history":[{"count":1,"href":"https:\/\/gruposc.es\/en\/wp-json\/wp\/v2\/pages\/1006\/revisions"}],"predecessor-version":[{"id":1007,"href":"https:\/\/gruposc.es\/en\/wp-json\/wp\/v2\/pages\/1006\/revisions\/1007"}],"wp:attachment":[{"href":"https:\/\/gruposc.es\/en\/wp-json\/wp\/v2\/media?parent=1006"}],"curies":[{"name":"wp","href":"https:\/\/api.w.org\/{rel}","templated":true}]}}