{"id":1088,"date":"2025-08-06T16:38:55","date_gmt":"2025-08-06T14:38:55","guid":{"rendered":"https:\/\/gruposc.es\/contacte\/"},"modified":"2025-08-06T16:38:55","modified_gmt":"2025-08-06T14:38:55","slug":"contacte","status":"publish","type":"page","link":"https:\/\/gruposc.es\/ca\/contacte\/","title":{"rendered":"Contacte"},"content":{"rendered":"\t\t<div data-elementor-type=\"wp-page\" data-elementor-id=\"1088\" class=\"elementor elementor-1088 elementor-212\" data-elementor-post-type=\"page\">\n\t\t\t\t\t\t<section class=\"elementor-section elementor-top-section elementor-element elementor-element-70fa4fd elementor-section-height-min-height elementor-section-items-bottom elementor-section-boxed elementor-section-height-default\" data-id=\"70fa4fd\" data-element_type=\"section\" data-settings=\"{&quot;background_background&quot;:&quot;classic&quot;}\">\n\t\t\t\t\t\t<div class=\"elementor-container elementor-column-gap-default\">\n\t\t\t\t\t<div class=\"elementor-column elementor-col-100 elementor-top-column elementor-element elementor-element-7b73d95\" data-id=\"7b73d95\" data-element_type=\"column\">\n\t\t\t<div class=\"elementor-widget-wrap elementor-element-populated\">\n\t\t\t\t\t\t<div class=\"elementor-element elementor-element-5e6b06a elementor-widget elementor-widget-heading\" data-id=\"5e6b06a\" data-element_type=\"widget\" data-widget_type=\"heading.default\">\n\t\t\t\t<div class=\"elementor-widget-container\">\n\t\t\t<h1 class=\"elementor-heading-title elementor-size-default\">CONTACTE<\/h1>\t\t<\/div>\n\t\t\t\t<\/div>\n\t\t\t\t<div class=\"elementor-element elementor-element-7d76f6b elementor-widget__width-auto elementor-absolute elementor-widget elementor-widget-image\" data-id=\"7d76f6b\" data-element_type=\"widget\" data-settings=\"{&quot;_position&quot;:&quot;absolute&quot;}\" data-widget_type=\"image.default\">\n\t\t\t\t<div class=\"elementor-widget-container\">\n\t\t\t\t\t\t\t\t\t\t\t\t\t<img decoding=\"async\" width=\"14\" height=\"58\" src=\"https:\/\/gruposc.es\/wp-content\/uploads\/2024\/05\/rayeta.svg\" class=\"attachment-large size-large wp-image-534\" alt=\"\" \/>\t\t\t\t\t\t\t\t\t\t\t\t\t<\/div>\n\t\t\t\t<\/div>\n\t\t\t\t\t<\/div>\n\t\t<\/div>\n\t\t\t\t\t<\/div>\n\t\t<\/section>\n\t\t\t\t<section class=\"elementor-section elementor-top-section elementor-element elementor-element-fabaf28 elementor-section-boxed elementor-section-height-default elementor-section-height-default\" data-id=\"fabaf28\" data-element_type=\"section\">\n\t\t\t\t\t\t<div class=\"elementor-container elementor-column-gap-default\">\n\t\t\t\t\t<div class=\"elementor-column elementor-col-100 elementor-top-column elementor-element elementor-element-340dafb\" data-id=\"340dafb\" data-element_type=\"column\">\n\t\t\t<div class=\"elementor-widget-wrap elementor-element-populated\">\n\t\t\t\t\t\t<div class=\"elementor-element elementor-element-c1c905e elementor-widget elementor-widget-spacer\" data-id=\"c1c905e\" data-element_type=\"widget\" data-widget_type=\"spacer.default\">\n\t\t\t\t<div class=\"elementor-widget-container\">\n\t\t\t\t\t<div class=\"elementor-spacer\">\n\t\t\t<div class=\"elementor-spacer-inner\"><\/div>\n\t\t<\/div>\n\t\t\t\t<\/div>\n\t\t\t\t<\/div>\n\t\t\t\t<div class=\"elementor-element elementor-element-bdd12ec elementor-button-align-end elementor-widget elementor-widget-form\" data-id=\"bdd12ec\" data-element_type=\"widget\" data-settings=\"{&quot;step_next_label&quot;:&quot;Seg\\u00fcent&quot;,&quot;step_previous_label&quot;:&quot;Anterior&quot;,&quot;button_width&quot;:&quot;100&quot;,&quot;step_type&quot;:&quot;number_text&quot;,&quot;step_icon_shape&quot;:&quot;circle&quot;}\" data-widget_type=\"form.default\">\n\t\t\t\t<div class=\"elementor-widget-container\">\n\t\t\t\t\t<form class=\"elementor-form\" method=\"post\" name=\"Formulari\">\n\t\t\t<input type=\"hidden\" name=\"post_id\" value=\"1088\"\/>\n\t\t\t<input type=\"hidden\" name=\"form_id\" value=\"bdd12ec\"\/>\n\t\t\t<input type=\"hidden\" name=\"referer_title\" value=\"GRUPO SC. Consultor\u00eda, promoci\u00f3n. inversi\u00f3n y proyectos Inmobiliarios. Ontinyent\" \/>\n\n\t\t\t\n\t\t\t<div class=\"elementor-form-fields-wrapper elementor-labels-\">\n\t\t\t\t\t\t\t\t<div class=\"elementor-field-type-text elementor-field-group elementor-column elementor-field-group-name elementor-col-40\">\n\t\t\t\t\t\t\t\t\t\t\t\t<label for=\"form-field-name\" class=\"elementor-field-label elementor-screen-only\">\n\t\t\t\t\t\t\t\tNom\t\t\t\t\t\t\t<\/label>\n\t\t\t\t\t\t\t\t\t\t\t\t\t\t<input size=\"1\" type=\"text\" name=\"form_fields[name]\" id=\"form-field-name\" class=\"elementor-field elementor-size-md  elementor-field-textual\" placeholder=\"Nom\">\n\t\t\t\t\t\t\t\t\t\t\t<\/div>\n\t\t\t\t\t\t\t\t<div class=\"elementor-field-type-text elementor-field-group elementor-column elementor-field-group-field_e393b57 elementor-col-60\">\n\t\t\t\t\t\t\t\t\t\t\t\t<label for=\"form-field-field_e393b57\" class=\"elementor-field-label elementor-screen-only\">\n\t\t\t\t\t\t\t\tCognoms\t\t\t\t\t\t\t<\/label>\n\t\t\t\t\t\t\t\t\t\t\t\t\t\t<input size=\"1\" type=\"text\" name=\"form_fields[field_e393b57]\" id=\"form-field-field_e393b57\" class=\"elementor-field elementor-size-md  elementor-field-textual\" placeholder=\"Cognoms\">\n\t\t\t\t\t\t\t\t\t\t\t<\/div>\n\t\t\t\t\t\t\t\t<div class=\"elementor-field-type-email elementor-field-group elementor-column elementor-field-group-email elementor-col-100 elementor-field-required\">\n\t\t\t\t\t\t\t\t\t\t\t\t<label for=\"form-field-email\" class=\"elementor-field-label elementor-screen-only\">\n\t\t\t\t\t\t\t\tCorreu electr\u00f2nic\t\t\t\t\t\t\t<\/label>\n\t\t\t\t\t\t\t\t\t\t\t\t\t\t<input size=\"1\" type=\"email\" name=\"form_fields[email]\" id=\"form-field-email\" class=\"elementor-field elementor-size-md  elementor-field-textual\" placeholder=\"Correu electr\u00f2nic\" required=\"required\" aria-required=\"true\">\n\t\t\t\t\t\t\t\t\t\t\t<\/div>\n\t\t\t\t\t\t\t\t<div class=\"elementor-field-type-textarea elementor-field-group elementor-column elementor-field-group-message elementor-col-100\">\n\t\t\t\t\t\t\t\t\t\t\t\t<label for=\"form-field-message\" class=\"elementor-field-label elementor-screen-only\">\n\t\t\t\t\t\t\t\tMissatge\t\t\t\t\t\t\t<\/label>\n\t\t\t\t\t\t<textarea class=\"elementor-field-textual elementor-field  elementor-size-md\" name=\"form_fields[message]\" id=\"form-field-message\" rows=\"4\" placeholder=\"Missatge\"><\/textarea>\t\t\t\t<\/div>\n\t\t\t\t\t\t\t\t<div class=\"elementor-field-type-checkbox elementor-field-group elementor-column elementor-field-group-field_97dd1ec elementor-col-100\">\n\t\t\t\t\t\t\t\t\t\t\t\t<label for=\"form-field-field_97dd1ec\" class=\"elementor-field-label elementor-screen-only\">\n\t\t\t\t\t\t\t\tAceptaci\u00f3\t\t\t\t\t\t\t<\/label>\n\t\t\t\t\t\t<div class=\"elementor-field-subgroup  \"><span class=\"elementor-field-option\"><input type=\"checkbox\" value=\"He llegit i accepte la pol\u00edtica de privacitat.\" id=\"form-field-field_97dd1ec-0\" name=\"form_fields[field_97dd1ec]\"> <label for=\"form-field-field_97dd1ec-0\">He llegit i accepte la pol\u00edtica de privacitat.<\/label><\/span><\/div>\t\t\t\t<\/div>\n\t\t\t\t\t\t\t\t<div class=\"elementor-field-type-recaptcha_v3 elementor-field-group elementor-column elementor-field-group-field_7c26eb4 elementor-col-100 recaptcha_v3-bottomright\">\n\t\t\t\t\t<div class=\"elementor-field\" id=\"form-field-field_7c26eb4\"><div class=\"elementor-g-recaptcha\" data-sitekey=\"6LfIqiAqAAAAAFqP0yhQwhjW6eeI8HL1W9cQKO_v\" data-type=\"v3\" data-action=\"Form\" data-badge=\"bottomright\" data-size=\"invisible\"><\/div><\/div>\t\t\t\t<\/div>\n\t\t\t\t\t\t\t\t<div class=\"elementor-field-group elementor-column elementor-field-type-submit elementor-col-100 e-form__buttons\">\n\t\t\t\t\t<button type=\"submit\" class=\"elementor-button elementor-size-sm\">\n\t\t\t\t\t\t<span >\n\t\t\t\t\t\t\t\t\t\t\t\t\t\t\t<span class=\" elementor-button-icon\">\n\t\t\t\t\t\t\t\t\t\t\t\t\t\t\t\t\t\t\t\t\t\t\t\t\t\t<\/span>\n\t\t\t\t\t\t\t\t\t\t\t\t\t\t\t\t\t\t\t\t\t\t<span class=\"elementor-button-text\">enviat<\/span>\n\t\t\t\t\t\t\t\t\t\t\t\t\t<\/span>\n\t\t\t\t\t<\/button>\n\t\t\t\t<\/div>\n\t\t\t<\/div>\n\t\t<\/form>\n\t\t\t\t<\/div>\n\t\t\t\t<\/div>\n\t\t\t\t<div class=\"elementor-element elementor-element-7ceac45 elementor-widget elementor-widget-spacer\" data-id=\"7ceac45\" data-element_type=\"widget\" data-widget_type=\"spacer.default\">\n\t\t\t\t<div class=\"elementor-widget-container\">\n\t\t\t\t\t<div class=\"elementor-spacer\">\n\t\t\t<div class=\"elementor-spacer-inner\"><\/div>\n\t\t<\/div>\n\t\t\t\t<\/div>\n\t\t\t\t<\/div>\n\t\t\t\t\t<\/div>\n\t\t<\/div>\n\t\t\t\t\t<\/div>\n\t\t<\/section>\n\t\t\t\t<\/div>\n\t\t","protected":false},"excerpt":{"rendered":"<p>CONTACTE<\/p>\n","protected":false},"author":1,"featured_media":0,"parent":0,"menu_order":0,"comment_status":"closed","ping_status":"closed","template":"","meta":{"footnotes":""},"class_list":["post-1088","page","type-page","status-publish","hentry"],"yoast_head":"<!-- This site is optimized with the Yoast SEO plugin v22.7 - https:\/\/yoast.com\/wordpress\/plugins\/seo\/ -->\n<title>Contacte - GRUPO SC. Consultor\u00eda, promoci\u00f3n. inversi\u00f3n y proyectos Inmobiliarios. Ontinyent<\/title>\n<meta name=\"robots\" content=\"index, follow, max-snippet:-1, max-image-preview:large, max-video-preview:-1\" \/>\n<link rel=\"canonical\" href=\"https:\/\/gruposc.es\/ca\/contacte\/\" \/>\n<meta property=\"og:locale\" content=\"es_ES\" \/>\n<meta property=\"og:type\" content=\"article\" \/>\n<meta property=\"og:title\" content=\"Contacte - GRUPO SC. Consultor\u00eda, promoci\u00f3n. inversi\u00f3n y proyectos Inmobiliarios. Ontinyent\" \/>\n<meta property=\"og:description\" content=\"CONTACTE\" \/>\n<meta property=\"og:url\" content=\"https:\/\/gruposc.es\/ca\/contacte\/\" \/>\n<meta property=\"og:site_name\" content=\"GRUPO SC. Consultor\u00eda, promoci\u00f3n. inversi\u00f3n y proyectos Inmobiliarios. Ontinyent\" \/>\n<meta property=\"og:image\" content=\"https:\/\/gruposc.es\/wp-content\/uploads\/2024\/05\/rayeta.svg\" \/>\n<meta name=\"twitter:card\" content=\"summary_large_image\" \/>\n<script type=\"application\/ld+json\" class=\"yoast-schema-graph\">{\"@context\":\"https:\/\/schema.org\",\"@graph\":[{\"@type\":\"WebPage\",\"@id\":\"https:\/\/gruposc.es\/ca\/contacte\/\",\"url\":\"https:\/\/gruposc.es\/ca\/contacte\/\",\"name\":\"Contacte - GRUPO SC. Consultor\u00eda, promoci\u00f3n. inversi\u00f3n y proyectos Inmobiliarios. Ontinyent\",\"isPartOf\":{\"@id\":\"https:\/\/gruposc.es\/ca\/#website\"},\"primaryImageOfPage\":{\"@id\":\"https:\/\/gruposc.es\/ca\/contacte\/#primaryimage\"},\"image\":{\"@id\":\"https:\/\/gruposc.es\/ca\/contacte\/#primaryimage\"},\"thumbnailUrl\":\"https:\/\/gruposc.es\/wp-content\/uploads\/2024\/05\/rayeta.svg\",\"datePublished\":\"2025-08-06T14:38:55+00:00\",\"dateModified\":\"2025-08-06T14:38:55+00:00\",\"breadcrumb\":{\"@id\":\"https:\/\/gruposc.es\/ca\/contacte\/#breadcrumb\"},\"inLanguage\":\"es-VA\",\"potentialAction\":[{\"@type\":\"ReadAction\",\"target\":[\"https:\/\/gruposc.es\/ca\/contacte\/\"]}]},{\"@type\":\"ImageObject\",\"inLanguage\":\"es-VA\",\"@id\":\"https:\/\/gruposc.es\/ca\/contacte\/#primaryimage\",\"url\":\"https:\/\/gruposc.es\/wp-content\/uploads\/2024\/05\/rayeta.svg\",\"contentUrl\":\"https:\/\/gruposc.es\/wp-content\/uploads\/2024\/05\/rayeta.svg\"},{\"@type\":\"BreadcrumbList\",\"@id\":\"https:\/\/gruposc.es\/ca\/contacte\/#breadcrumb\",\"itemListElement\":[{\"@type\":\"ListItem\",\"position\":1,\"name\":\"Portada\",\"item\":\"https:\/\/gruposc.es\/ca\/\"},{\"@type\":\"ListItem\",\"position\":2,\"name\":\"Contacte\"}]},{\"@type\":\"WebSite\",\"@id\":\"https:\/\/gruposc.es\/ca\/#website\",\"url\":\"https:\/\/gruposc.es\/ca\/\",\"name\":\"GRUPO SC. Consultor\u00eda, promoci\u00f3n. inversi\u00f3n y proyectos Inmobiliarios. Ontinyent\",\"description\":\"Consultor\u00eda, promoci\u00f3n. inversi\u00f3n y proyectos. Ontinyent.\",\"publisher\":{\"@id\":\"https:\/\/gruposc.es\/ca\/#organization\"},\"potentialAction\":[{\"@type\":\"SearchAction\",\"target\":{\"@type\":\"EntryPoint\",\"urlTemplate\":\"https:\/\/gruposc.es\/ca\/?s={search_term_string}\"},\"query-input\":\"required name=search_term_string\"}],\"inLanguage\":\"es-VA\"},{\"@type\":\"Organization\",\"@id\":\"https:\/\/gruposc.es\/ca\/#organization\",\"name\":\"GRUPO SC. Consultor\u00eda, promoci\u00f3n. inversi\u00f3n y proyectos Inmobiliarios. Ontinyent\",\"url\":\"https:\/\/gruposc.es\/ca\/\",\"logo\":{\"@type\":\"ImageObject\",\"inLanguage\":\"es-VA\",\"@id\":\"https:\/\/gruposc.es\/ca\/#\/schema\/logo\/image\/\",\"url\":\"https:\/\/gruposc.es\/wp-content\/uploads\/2024\/05\/logo_GRUPOSC_blanco.svg\",\"contentUrl\":\"https:\/\/gruposc.es\/wp-content\/uploads\/2024\/05\/logo_GRUPOSC_blanco.svg\",\"width\":305.43,\"height\":67.36,\"caption\":\"GRUPO SC. Consultor\u00eda, promoci\u00f3n. inversi\u00f3n y proyectos Inmobiliarios. Ontinyent\"},\"image\":{\"@id\":\"https:\/\/gruposc.es\/ca\/#\/schema\/logo\/image\/\"}}]}<\/script>\n<!-- \/ Yoast SEO plugin. -->","yoast_head_json":{"title":"Contacte - GRUPO SC. Consultor\u00eda, promoci\u00f3n. inversi\u00f3n y proyectos Inmobiliarios. Ontinyent","robots":{"index":"index","follow":"follow","max-snippet":"max-snippet:-1","max-image-preview":"max-image-preview:large","max-video-preview":"max-video-preview:-1"},"canonical":"https:\/\/gruposc.es\/ca\/contacte\/","og_locale":"es_ES","og_type":"article","og_title":"Contacte - GRUPO SC. Consultor\u00eda, promoci\u00f3n. inversi\u00f3n y proyectos Inmobiliarios. Ontinyent","og_description":"CONTACTE","og_url":"https:\/\/gruposc.es\/ca\/contacte\/","og_site_name":"GRUPO SC. Consultor\u00eda, promoci\u00f3n. inversi\u00f3n y proyectos Inmobiliarios. Ontinyent","og_image":[{"url":"https:\/\/gruposc.es\/wp-content\/uploads\/2024\/05\/rayeta.svg"}],"twitter_card":"summary_large_image","schema":{"@context":"https:\/\/schema.org","@graph":[{"@type":"WebPage","@id":"https:\/\/gruposc.es\/ca\/contacte\/","url":"https:\/\/gruposc.es\/ca\/contacte\/","name":"Contacte - GRUPO SC. Consultor\u00eda, promoci\u00f3n. inversi\u00f3n y proyectos Inmobiliarios. Ontinyent","isPartOf":{"@id":"https:\/\/gruposc.es\/ca\/#website"},"primaryImageOfPage":{"@id":"https:\/\/gruposc.es\/ca\/contacte\/#primaryimage"},"image":{"@id":"https:\/\/gruposc.es\/ca\/contacte\/#primaryimage"},"thumbnailUrl":"https:\/\/gruposc.es\/wp-content\/uploads\/2024\/05\/rayeta.svg","datePublished":"2025-08-06T14:38:55+00:00","dateModified":"2025-08-06T14:38:55+00:00","breadcrumb":{"@id":"https:\/\/gruposc.es\/ca\/contacte\/#breadcrumb"},"inLanguage":"es-VA","potentialAction":[{"@type":"ReadAction","target":["https:\/\/gruposc.es\/ca\/contacte\/"]}]},{"@type":"ImageObject","inLanguage":"es-VA","@id":"https:\/\/gruposc.es\/ca\/contacte\/#primaryimage","url":"https:\/\/gruposc.es\/wp-content\/uploads\/2024\/05\/rayeta.svg","contentUrl":"https:\/\/gruposc.es\/wp-content\/uploads\/2024\/05\/rayeta.svg"},{"@type":"BreadcrumbList","@id":"https:\/\/gruposc.es\/ca\/contacte\/#breadcrumb","itemListElement":[{"@type":"ListItem","position":1,"name":"Portada","item":"https:\/\/gruposc.es\/ca\/"},{"@type":"ListItem","position":2,"name":"Contacte"}]},{"@type":"WebSite","@id":"https:\/\/gruposc.es\/ca\/#website","url":"https:\/\/gruposc.es\/ca\/","name":"GRUPO SC. Consultor\u00eda, promoci\u00f3n. inversi\u00f3n y proyectos Inmobiliarios. Ontinyent","description":"Consultor\u00eda, promoci\u00f3n. inversi\u00f3n y proyectos. Ontinyent.","publisher":{"@id":"https:\/\/gruposc.es\/ca\/#organization"},"potentialAction":[{"@type":"SearchAction","target":{"@type":"EntryPoint","urlTemplate":"https:\/\/gruposc.es\/ca\/?s={search_term_string}"},"query-input":"required name=search_term_string"}],"inLanguage":"es-VA"},{"@type":"Organization","@id":"https:\/\/gruposc.es\/ca\/#organization","name":"GRUPO SC. Consultor\u00eda, promoci\u00f3n. inversi\u00f3n y proyectos Inmobiliarios. Ontinyent","url":"https:\/\/gruposc.es\/ca\/","logo":{"@type":"ImageObject","inLanguage":"es-VA","@id":"https:\/\/gruposc.es\/ca\/#\/schema\/logo\/image\/","url":"https:\/\/gruposc.es\/wp-content\/uploads\/2024\/05\/logo_GRUPOSC_blanco.svg","contentUrl":"https:\/\/gruposc.es\/wp-content\/uploads\/2024\/05\/logo_GRUPOSC_blanco.svg","width":305.43,"height":67.36,"caption":"GRUPO SC. Consultor\u00eda, promoci\u00f3n. inversi\u00f3n y proyectos Inmobiliarios. Ontinyent"},"image":{"@id":"https:\/\/gruposc.es\/ca\/#\/schema\/logo\/image\/"}}]}},"_links":{"self":[{"href":"https:\/\/gruposc.es\/ca\/wp-json\/wp\/v2\/pages\/1088","targetHints":{"allow":["GET"]}}],"collection":[{"href":"https:\/\/gruposc.es\/ca\/wp-json\/wp\/v2\/pages"}],"about":[{"href":"https:\/\/gruposc.es\/ca\/wp-json\/wp\/v2\/types\/page"}],"author":[{"embeddable":true,"href":"https:\/\/gruposc.es\/ca\/wp-json\/wp\/v2\/users\/1"}],"replies":[{"embeddable":true,"href":"https:\/\/gruposc.es\/ca\/wp-json\/wp\/v2\/comments?post=1088"}],"version-history":[{"count":1,"href":"https:\/\/gruposc.es\/ca\/wp-json\/wp\/v2\/pages\/1088\/revisions"}],"predecessor-version":[{"id":1089,"href":"https:\/\/gruposc.es\/ca\/wp-json\/wp\/v2\/pages\/1088\/revisions\/1089"}],"wp:attachment":[{"href":"https:\/\/gruposc.es\/ca\/wp-json\/wp\/v2\/media?parent=1088"}],"curies":[{"name":"wp","href":"https:\/\/api.w.org\/{rel}","templated":true}]}}