{"id":1022,"date":"2025-08-05T16:22:32","date_gmt":"2025-08-05T14:22:32","guid":{"rendered":"https:\/\/gruposc.es\/gestio-de-projectes\/"},"modified":"2025-08-05T16:22:32","modified_gmt":"2025-08-05T14:22:32","slug":"gestio-de-projectes","status":"publish","type":"page","link":"https:\/\/gruposc.es\/ca\/gestio-de-projectes\/","title":{"rendered":"gesti\u00f3 de projectes"},"content":{"rendered":"\t\t<div data-elementor-type=\"wp-page\" data-elementor-id=\"1022\" class=\"elementor elementor-1022 elementor-206\" data-elementor-post-type=\"page\">\n\t\t\t\t\t\t<section class=\"elementor-section elementor-top-section elementor-element elementor-element-a1ce0f9 elementor-section-height-min-height elementor-section-items-bottom elementor-section-boxed elementor-section-height-default\" data-id=\"a1ce0f9\" data-element_type=\"section\" data-settings=\"{&quot;background_background&quot;:&quot;classic&quot;}\">\n\t\t\t\t\t\t<div class=\"elementor-container elementor-column-gap-default\">\n\t\t\t\t\t<div class=\"elementor-column elementor-col-100 elementor-top-column elementor-element elementor-element-4ff3562\" data-id=\"4ff3562\" data-element_type=\"column\">\n\t\t\t<div class=\"elementor-widget-wrap elementor-element-populated\">\n\t\t\t\t\t\t<div class=\"elementor-element elementor-element-e76c3c1 elementor-widget elementor-widget-heading\" data-id=\"e76c3c1\" data-element_type=\"widget\" data-widget_type=\"heading.default\">\n\t\t\t\t<div class=\"elementor-widget-container\">\n\t\t\t<h1 class=\"elementor-heading-title elementor-size-default\">GESTI\u00d3 DE PROJECTES<\/h1>\t\t<\/div>\n\t\t\t\t<\/div>\n\t\t\t\t<div class=\"elementor-element elementor-element-71663fb elementor-widget__width-auto elementor-absolute elementor-widget elementor-widget-image\" data-id=\"71663fb\" data-element_type=\"widget\" data-settings=\"{&quot;_position&quot;:&quot;absolute&quot;}\" data-widget_type=\"image.default\">\n\t\t\t\t<div class=\"elementor-widget-container\">\n\t\t\t\t\t\t\t\t\t\t\t\t\t<img decoding=\"async\" width=\"14\" height=\"58\" src=\"https:\/\/gruposc.es\/wp-content\/uploads\/2024\/05\/rayeta.svg\" class=\"attachment-large size-large wp-image-534\" alt=\"\" \/>\t\t\t\t\t\t\t\t\t\t\t\t\t<\/div>\n\t\t\t\t<\/div>\n\t\t\t\t\t<\/div>\n\t\t<\/div>\n\t\t\t\t\t<\/div>\n\t\t<\/section>\n\t\t\t\t<section class=\"elementor-section elementor-top-section elementor-element elementor-element-9432b75 elementor-section-boxed elementor-section-height-default elementor-section-height-default\" data-id=\"9432b75\" data-element_type=\"section\">\n\t\t\t\t\t\t<div class=\"elementor-container elementor-column-gap-default\">\n\t\t\t\t\t<div class=\"elementor-column elementor-col-100 elementor-top-column elementor-element elementor-element-a14abd8\" data-id=\"a14abd8\" data-element_type=\"column\">\n\t\t\t<div class=\"elementor-widget-wrap elementor-element-populated\">\n\t\t\t\t\t\t<div class=\"elementor-element elementor-element-65dc20a elementor-widget elementor-widget-spacer\" data-id=\"65dc20a\" data-element_type=\"widget\" data-widget_type=\"spacer.default\">\n\t\t\t\t<div class=\"elementor-widget-container\">\n\t\t\t\t\t<div class=\"elementor-spacer\">\n\t\t\t<div class=\"elementor-spacer-inner\"><\/div>\n\t\t<\/div>\n\t\t\t\t<\/div>\n\t\t\t\t<\/div>\n\t\t\t\t<div class=\"elementor-element elementor-element-a4e49ec elementor-widget elementor-widget-text-editor\" data-id=\"a4e49ec\" data-element_type=\"widget\" data-widget_type=\"text-editor.default\">\n\t\t\t\t<div class=\"elementor-widget-container\">\n\t\t\t\t\t\t\t<p>A <strong>GRUPO SC CONSULTORES<\/strong> OFERIM UN SERVEI COMPLET DE <strong>DIRECCI\u00d3 DE PROJECTES (PROJECT MANAGEMENT)<\/strong> PER AL DESENVOLUPAMENT I RECONVERSI\u00d3 D\u2019<strong>ACTIUS IMMOBILIARIS INDUSTRIALS, LOG\u00cdSTICS I COMERCIALS<\/strong>, PRINCIPALMENT A LA <strong>COMUNITAT VALENCIANA<\/strong>, I AMB UNA PRES\u00c8NCIA CREIXENT A LA RESTA D\u2019ESPANYA.<\/p>\n\t\t\t\t\t\t<\/div>\n\t\t\t\t<\/div>\n\t\t\t\t<div class=\"elementor-element elementor-element-73b3296 elementor-widget elementor-widget-spacer\" data-id=\"73b3296\" data-element_type=\"widget\" data-widget_type=\"spacer.default\">\n\t\t\t\t<div class=\"elementor-widget-container\">\n\t\t\t\t\t<div class=\"elementor-spacer\">\n\t\t\t<div class=\"elementor-spacer-inner\"><\/div>\n\t\t<\/div>\n\t\t\t\t<\/div>\n\t\t\t\t<\/div>\n\t\t\t\t<div class=\"elementor-element elementor-element-10412b8 elementor-widget elementor-widget-image\" data-id=\"10412b8\" data-element_type=\"widget\" data-widget_type=\"image.default\">\n\t\t\t\t<div class=\"elementor-widget-container\">\n\t\t\t\t\t\t\t\t\t\t\t\t\t<img fetchpriority=\"high\" decoding=\"async\" width=\"2560\" height=\"1435\" src=\"https:\/\/gruposc.es\/wp-content\/uploads\/2024\/05\/BG_introvideo.jpeg\" class=\"attachment-full size-full wp-image-579\" alt=\"Grupo Sc - Despacho\" srcset=\"https:\/\/gruposc.es\/wp-content\/uploads\/2024\/05\/BG_introvideo.jpeg 2560w, https:\/\/gruposc.es\/wp-content\/uploads\/2024\/05\/BG_introvideo-300x168.jpeg 300w, https:\/\/gruposc.es\/wp-content\/uploads\/2024\/05\/BG_introvideo-1024x574.jpeg 1024w, https:\/\/gruposc.es\/wp-content\/uploads\/2024\/05\/BG_introvideo-768x431.jpeg 768w, https:\/\/gruposc.es\/wp-content\/uploads\/2024\/05\/BG_introvideo-1536x861.jpeg 1536w, https:\/\/gruposc.es\/wp-content\/uploads\/2024\/05\/BG_introvideo-2048x1148.jpeg 2048w\" sizes=\"(max-width: 2560px) 100vw, 2560px\" \/>\t\t\t\t\t\t\t\t\t\t\t\t\t<\/div>\n\t\t\t\t<\/div>\n\t\t\t\t<div class=\"elementor-element elementor-element-2bb2007 elementor-widget elementor-widget-text-editor\" data-id=\"2bb2007\" data-element_type=\"widget\" data-widget_type=\"text-editor.default\">\n\t\t\t\t<div class=\"elementor-widget-container\">\n\t\t\t\t\t\t\t<p>Acompanyem els nostres clients en <strong>totes les fases del projecte<\/strong>, des de la conceptualitzaci\u00f3 inicial fins a l\u2019entrega final, garantint el <strong>compliment de terminis, qualitat, efici\u00e8ncia i rendibilitat<\/strong>.<\/p>\n<p>Ja siga per a una nova promoci\u00f3 o la transformaci\u00f3 d\u2019un actiu existent, actuem com a <strong>interlocutor \u00fanic<\/strong>, coordinant tots els agents implicats i oferint solucions personalitzades sota el format de <strong>projecte clau en m\u00e0<\/strong>.<\/p>\n<p>Els nostres serveis de Direcci\u00f3 de Projectes inclouen:<\/p>\n<ul>\n<li>Estudis de viabilitat t\u00e8cnica, urban\u00edstica i econ\u00f2mica.<\/li>\n<li>Coordinaci\u00f3 d\u2019equips t\u00e8cnics i constructius.<\/li>\n<li>Gesti\u00f3 de llic\u00e8ncies, permisos i compliment normatiu.<\/li>\n<li>Control de costos, terminis i qualitat d\u2019execuci\u00f3.<\/li>\n<li>Supervisi\u00f3 integral fins a l\u2019entrega de l\u2019actiu finalitzat.<\/li>\n<\/ul>\n<p>Amb una visi\u00f3 pr\u00e0ctica, rigorosa i orientada als resultats, ajudem els nostres clients a convertir les seues idees en <strong>projectes immobiliaris s\u00f2lids, eficients i rendibles<\/strong>.<\/p>\n\t\t\t\t\t\t<\/div>\n\t\t\t\t<\/div>\n\t\t\t\t<div class=\"elementor-element elementor-element-80e993c elementor-widget elementor-widget-spacer\" data-id=\"80e993c\" data-element_type=\"widget\" data-widget_type=\"spacer.default\">\n\t\t\t\t<div class=\"elementor-widget-container\">\n\t\t\t\t\t<div class=\"elementor-spacer\">\n\t\t\t<div class=\"elementor-spacer-inner\"><\/div>\n\t\t<\/div>\n\t\t\t\t<\/div>\n\t\t\t\t<\/div>\n\t\t\t\t\t<\/div>\n\t\t<\/div>\n\t\t\t\t\t<\/div>\n\t\t<\/section>\n\t\t\t\t<\/div>\n\t\t","protected":false},"excerpt":{"rendered":"<p>GESTI\u00d3 DE PROJECTES A GRUPO SC CONSULTORES OFERIM UN SERVEI COMPLET DE DIRECCI\u00d3 DE PROJECTES (PROJECT MANAGEMENT) PER AL DESENVOLUPAMENT I RECONVERSI\u00d3 D\u2019ACTIUS IMMOBILIARIS INDUSTRIALS, LOG\u00cdSTICS I COMERCIALS, PRINCIPALMENT A LA COMUNITAT VALENCIANA, I AMB UNA PRES\u00c8NCIA CREIXENT A LA RESTA D\u2019ESPANYA. Acompanyem els nostres clients en totes les fases del projecte, des de la [&hellip;]<\/p>\n","protected":false},"author":1,"featured_media":0,"parent":0,"menu_order":0,"comment_status":"closed","ping_status":"closed","template":"","meta":{"footnotes":""},"class_list":["post-1022","page","type-page","status-publish","hentry"],"yoast_head":"<!-- This site is optimized with the Yoast SEO plugin v22.7 - https:\/\/yoast.com\/wordpress\/plugins\/seo\/ -->\n<title>gesti\u00f3 de projectes - GRUPO SC. Consultor\u00eda, promoci\u00f3n. inversi\u00f3n y proyectos Inmobiliarios. Ontinyent<\/title>\n<meta name=\"robots\" content=\"index, follow, max-snippet:-1, max-image-preview:large, max-video-preview:-1\" \/>\n<link rel=\"canonical\" href=\"https:\/\/gruposc.es\/ca\/gestio-de-projectes\/\" \/>\n<meta property=\"og:locale\" content=\"es_ES\" \/>\n<meta property=\"og:type\" content=\"article\" \/>\n<meta property=\"og:title\" content=\"gesti\u00f3 de projectes - GRUPO SC. Consultor\u00eda, promoci\u00f3n. inversi\u00f3n y proyectos Inmobiliarios. Ontinyent\" \/>\n<meta property=\"og:description\" content=\"GESTI\u00d3 DE PROJECTES A GRUPO SC CONSULTORES OFERIM UN SERVEI COMPLET DE DIRECCI\u00d3 DE PROJECTES (PROJECT MANAGEMENT) PER AL DESENVOLUPAMENT I RECONVERSI\u00d3 D\u2019ACTIUS IMMOBILIARIS INDUSTRIALS, LOG\u00cdSTICS I COMERCIALS, PRINCIPALMENT A LA COMUNITAT VALENCIANA, I AMB UNA PRES\u00c8NCIA CREIXENT A LA RESTA D\u2019ESPANYA. Acompanyem els nostres clients en totes les fases del projecte, des de la [&hellip;]\" \/>\n<meta property=\"og:url\" content=\"https:\/\/gruposc.es\/ca\/gestio-de-projectes\/\" \/>\n<meta property=\"og:site_name\" content=\"GRUPO SC. Consultor\u00eda, promoci\u00f3n. inversi\u00f3n y proyectos Inmobiliarios. Ontinyent\" \/>\n<meta property=\"og:image\" content=\"https:\/\/gruposc.es\/wp-content\/uploads\/2024\/05\/rayeta.svg\" \/>\n<meta name=\"twitter:card\" content=\"summary_large_image\" \/>\n<meta name=\"twitter:label1\" content=\"Est. reading time\" \/>\n\t<meta name=\"twitter:data1\" content=\"1 minute\" \/>\n<script type=\"application\/ld+json\" class=\"yoast-schema-graph\">{\"@context\":\"https:\/\/schema.org\",\"@graph\":[{\"@type\":\"WebPage\",\"@id\":\"https:\/\/gruposc.es\/ca\/gestio-de-projectes\/\",\"url\":\"https:\/\/gruposc.es\/ca\/gestio-de-projectes\/\",\"name\":\"gesti\u00f3 de projectes - GRUPO SC. Consultor\u00eda, promoci\u00f3n. inversi\u00f3n y proyectos Inmobiliarios. Ontinyent\",\"isPartOf\":{\"@id\":\"https:\/\/gruposc.es\/ca\/#website\"},\"primaryImageOfPage\":{\"@id\":\"https:\/\/gruposc.es\/ca\/gestio-de-projectes\/#primaryimage\"},\"image\":{\"@id\":\"https:\/\/gruposc.es\/ca\/gestio-de-projectes\/#primaryimage\"},\"thumbnailUrl\":\"https:\/\/gruposc.es\/wp-content\/uploads\/2024\/05\/rayeta.svg\",\"datePublished\":\"2025-08-05T14:22:32+00:00\",\"dateModified\":\"2025-08-05T14:22:32+00:00\",\"breadcrumb\":{\"@id\":\"https:\/\/gruposc.es\/ca\/gestio-de-projectes\/#breadcrumb\"},\"inLanguage\":\"es-VA\",\"potentialAction\":[{\"@type\":\"ReadAction\",\"target\":[\"https:\/\/gruposc.es\/ca\/gestio-de-projectes\/\"]}]},{\"@type\":\"ImageObject\",\"inLanguage\":\"es-VA\",\"@id\":\"https:\/\/gruposc.es\/ca\/gestio-de-projectes\/#primaryimage\",\"url\":\"https:\/\/gruposc.es\/wp-content\/uploads\/2024\/05\/rayeta.svg\",\"contentUrl\":\"https:\/\/gruposc.es\/wp-content\/uploads\/2024\/05\/rayeta.svg\"},{\"@type\":\"BreadcrumbList\",\"@id\":\"https:\/\/gruposc.es\/ca\/gestio-de-projectes\/#breadcrumb\",\"itemListElement\":[{\"@type\":\"ListItem\",\"position\":1,\"name\":\"Portada\",\"item\":\"https:\/\/gruposc.es\/ca\/\"},{\"@type\":\"ListItem\",\"position\":2,\"name\":\"gesti\u00f3 de projectes\"}]},{\"@type\":\"WebSite\",\"@id\":\"https:\/\/gruposc.es\/ca\/#website\",\"url\":\"https:\/\/gruposc.es\/ca\/\",\"name\":\"GRUPO SC. Consultor\u00eda, promoci\u00f3n. inversi\u00f3n y proyectos Inmobiliarios. Ontinyent\",\"description\":\"Consultor\u00eda, promoci\u00f3n. inversi\u00f3n y proyectos. Ontinyent.\",\"publisher\":{\"@id\":\"https:\/\/gruposc.es\/ca\/#organization\"},\"potentialAction\":[{\"@type\":\"SearchAction\",\"target\":{\"@type\":\"EntryPoint\",\"urlTemplate\":\"https:\/\/gruposc.es\/ca\/?s={search_term_string}\"},\"query-input\":\"required name=search_term_string\"}],\"inLanguage\":\"es-VA\"},{\"@type\":\"Organization\",\"@id\":\"https:\/\/gruposc.es\/ca\/#organization\",\"name\":\"GRUPO SC. Consultor\u00eda, promoci\u00f3n. inversi\u00f3n y proyectos Inmobiliarios. Ontinyent\",\"url\":\"https:\/\/gruposc.es\/ca\/\",\"logo\":{\"@type\":\"ImageObject\",\"inLanguage\":\"es-VA\",\"@id\":\"https:\/\/gruposc.es\/ca\/#\/schema\/logo\/image\/\",\"url\":\"https:\/\/gruposc.es\/wp-content\/uploads\/2024\/05\/logo_GRUPOSC_blanco.svg\",\"contentUrl\":\"https:\/\/gruposc.es\/wp-content\/uploads\/2024\/05\/logo_GRUPOSC_blanco.svg\",\"width\":305.43,\"height\":67.36,\"caption\":\"GRUPO SC. Consultor\u00eda, promoci\u00f3n. inversi\u00f3n y proyectos Inmobiliarios. Ontinyent\"},\"image\":{\"@id\":\"https:\/\/gruposc.es\/ca\/#\/schema\/logo\/image\/\"}}]}<\/script>\n<!-- \/ Yoast SEO plugin. -->","yoast_head_json":{"title":"gesti\u00f3 de projectes - GRUPO SC. Consultor\u00eda, promoci\u00f3n. inversi\u00f3n y proyectos Inmobiliarios. Ontinyent","robots":{"index":"index","follow":"follow","max-snippet":"max-snippet:-1","max-image-preview":"max-image-preview:large","max-video-preview":"max-video-preview:-1"},"canonical":"https:\/\/gruposc.es\/ca\/gestio-de-projectes\/","og_locale":"es_ES","og_type":"article","og_title":"gesti\u00f3 de projectes - GRUPO SC. Consultor\u00eda, promoci\u00f3n. inversi\u00f3n y proyectos Inmobiliarios. Ontinyent","og_description":"GESTI\u00d3 DE PROJECTES A GRUPO SC CONSULTORES OFERIM UN SERVEI COMPLET DE DIRECCI\u00d3 DE PROJECTES (PROJECT MANAGEMENT) PER AL DESENVOLUPAMENT I RECONVERSI\u00d3 D\u2019ACTIUS IMMOBILIARIS INDUSTRIALS, LOG\u00cdSTICS I COMERCIALS, PRINCIPALMENT A LA COMUNITAT VALENCIANA, I AMB UNA PRES\u00c8NCIA CREIXENT A LA RESTA D\u2019ESPANYA. Acompanyem els nostres clients en totes les fases del projecte, des de la [&hellip;]","og_url":"https:\/\/gruposc.es\/ca\/gestio-de-projectes\/","og_site_name":"GRUPO SC. Consultor\u00eda, promoci\u00f3n. inversi\u00f3n y proyectos Inmobiliarios. Ontinyent","og_image":[{"url":"https:\/\/gruposc.es\/wp-content\/uploads\/2024\/05\/rayeta.svg"}],"twitter_card":"summary_large_image","twitter_misc":{"Est. reading time":"1 minute"},"schema":{"@context":"https:\/\/schema.org","@graph":[{"@type":"WebPage","@id":"https:\/\/gruposc.es\/ca\/gestio-de-projectes\/","url":"https:\/\/gruposc.es\/ca\/gestio-de-projectes\/","name":"gesti\u00f3 de projectes - GRUPO SC. Consultor\u00eda, promoci\u00f3n. inversi\u00f3n y proyectos Inmobiliarios. Ontinyent","isPartOf":{"@id":"https:\/\/gruposc.es\/ca\/#website"},"primaryImageOfPage":{"@id":"https:\/\/gruposc.es\/ca\/gestio-de-projectes\/#primaryimage"},"image":{"@id":"https:\/\/gruposc.es\/ca\/gestio-de-projectes\/#primaryimage"},"thumbnailUrl":"https:\/\/gruposc.es\/wp-content\/uploads\/2024\/05\/rayeta.svg","datePublished":"2025-08-05T14:22:32+00:00","dateModified":"2025-08-05T14:22:32+00:00","breadcrumb":{"@id":"https:\/\/gruposc.es\/ca\/gestio-de-projectes\/#breadcrumb"},"inLanguage":"es-VA","potentialAction":[{"@type":"ReadAction","target":["https:\/\/gruposc.es\/ca\/gestio-de-projectes\/"]}]},{"@type":"ImageObject","inLanguage":"es-VA","@id":"https:\/\/gruposc.es\/ca\/gestio-de-projectes\/#primaryimage","url":"https:\/\/gruposc.es\/wp-content\/uploads\/2024\/05\/rayeta.svg","contentUrl":"https:\/\/gruposc.es\/wp-content\/uploads\/2024\/05\/rayeta.svg"},{"@type":"BreadcrumbList","@id":"https:\/\/gruposc.es\/ca\/gestio-de-projectes\/#breadcrumb","itemListElement":[{"@type":"ListItem","position":1,"name":"Portada","item":"https:\/\/gruposc.es\/ca\/"},{"@type":"ListItem","position":2,"name":"gesti\u00f3 de projectes"}]},{"@type":"WebSite","@id":"https:\/\/gruposc.es\/ca\/#website","url":"https:\/\/gruposc.es\/ca\/","name":"GRUPO SC. Consultor\u00eda, promoci\u00f3n. inversi\u00f3n y proyectos Inmobiliarios. Ontinyent","description":"Consultor\u00eda, promoci\u00f3n. inversi\u00f3n y proyectos. Ontinyent.","publisher":{"@id":"https:\/\/gruposc.es\/ca\/#organization"},"potentialAction":[{"@type":"SearchAction","target":{"@type":"EntryPoint","urlTemplate":"https:\/\/gruposc.es\/ca\/?s={search_term_string}"},"query-input":"required name=search_term_string"}],"inLanguage":"es-VA"},{"@type":"Organization","@id":"https:\/\/gruposc.es\/ca\/#organization","name":"GRUPO SC. Consultor\u00eda, promoci\u00f3n. inversi\u00f3n y proyectos Inmobiliarios. Ontinyent","url":"https:\/\/gruposc.es\/ca\/","logo":{"@type":"ImageObject","inLanguage":"es-VA","@id":"https:\/\/gruposc.es\/ca\/#\/schema\/logo\/image\/","url":"https:\/\/gruposc.es\/wp-content\/uploads\/2024\/05\/logo_GRUPOSC_blanco.svg","contentUrl":"https:\/\/gruposc.es\/wp-content\/uploads\/2024\/05\/logo_GRUPOSC_blanco.svg","width":305.43,"height":67.36,"caption":"GRUPO SC. Consultor\u00eda, promoci\u00f3n. inversi\u00f3n y proyectos Inmobiliarios. Ontinyent"},"image":{"@id":"https:\/\/gruposc.es\/ca\/#\/schema\/logo\/image\/"}}]}},"_links":{"self":[{"href":"https:\/\/gruposc.es\/ca\/wp-json\/wp\/v2\/pages\/1022","targetHints":{"allow":["GET"]}}],"collection":[{"href":"https:\/\/gruposc.es\/ca\/wp-json\/wp\/v2\/pages"}],"about":[{"href":"https:\/\/gruposc.es\/ca\/wp-json\/wp\/v2\/types\/page"}],"author":[{"embeddable":true,"href":"https:\/\/gruposc.es\/ca\/wp-json\/wp\/v2\/users\/1"}],"replies":[{"embeddable":true,"href":"https:\/\/gruposc.es\/ca\/wp-json\/wp\/v2\/comments?post=1022"}],"version-history":[{"count":1,"href":"https:\/\/gruposc.es\/ca\/wp-json\/wp\/v2\/pages\/1022\/revisions"}],"predecessor-version":[{"id":1023,"href":"https:\/\/gruposc.es\/ca\/wp-json\/wp\/v2\/pages\/1022\/revisions\/1023"}],"wp:attachment":[{"href":"https:\/\/gruposc.es\/ca\/wp-json\/wp\/v2\/media?parent=1022"}],"curies":[{"name":"wp","href":"https:\/\/api.w.org\/{rel}","templated":true}]}}