{"id":1018,"date":"2025-08-05T16:19:30","date_gmt":"2025-08-05T14:19:30","guid":{"rendered":"https:\/\/gruposc.es\/gestio-dactius\/"},"modified":"2025-08-05T16:19:30","modified_gmt":"2025-08-05T14:19:30","slug":"gestio-dactius","status":"publish","type":"page","link":"https:\/\/gruposc.es\/ca\/gestio-dactius\/","title":{"rendered":"Gesti\u00f3 d&#8217;Actius"},"content":{"rendered":"\t\t<div data-elementor-type=\"wp-page\" data-elementor-id=\"1018\" class=\"elementor elementor-1018 elementor-200\" data-elementor-post-type=\"page\">\n\t\t\t\t\t\t<section class=\"elementor-section elementor-top-section elementor-element elementor-element-cfbdb24 elementor-section-height-min-height elementor-section-items-bottom elementor-section-boxed elementor-section-height-default\" data-id=\"cfbdb24\" data-element_type=\"section\" data-settings=\"{&quot;background_background&quot;:&quot;classic&quot;}\">\n\t\t\t\t\t\t<div class=\"elementor-container elementor-column-gap-default\">\n\t\t\t\t\t<div class=\"elementor-column elementor-col-100 elementor-top-column elementor-element elementor-element-c14af8b\" data-id=\"c14af8b\" data-element_type=\"column\">\n\t\t\t<div class=\"elementor-widget-wrap elementor-element-populated\">\n\t\t\t\t\t\t<div class=\"elementor-element elementor-element-9b4e012 elementor-widget elementor-widget-heading\" data-id=\"9b4e012\" data-element_type=\"widget\" data-widget_type=\"heading.default\">\n\t\t\t\t<div class=\"elementor-widget-container\">\n\t\t\t<h1 class=\"elementor-heading-title elementor-size-default\">GESTI\u00d3 D'ACTIUS<\/h1>\t\t<\/div>\n\t\t\t\t<\/div>\n\t\t\t\t<div class=\"elementor-element elementor-element-90dc0f9 elementor-widget__width-auto elementor-absolute elementor-widget elementor-widget-image\" data-id=\"90dc0f9\" data-element_type=\"widget\" data-settings=\"{&quot;_position&quot;:&quot;absolute&quot;}\" data-widget_type=\"image.default\">\n\t\t\t\t<div class=\"elementor-widget-container\">\n\t\t\t\t\t\t\t\t\t\t\t\t\t<img decoding=\"async\" width=\"14\" height=\"58\" src=\"https:\/\/gruposc.es\/wp-content\/uploads\/2024\/05\/rayeta.svg\" class=\"attachment-large size-large wp-image-534\" alt=\"\" \/>\t\t\t\t\t\t\t\t\t\t\t\t\t<\/div>\n\t\t\t\t<\/div>\n\t\t\t\t\t<\/div>\n\t\t<\/div>\n\t\t\t\t\t<\/div>\n\t\t<\/section>\n\t\t\t\t<section class=\"elementor-section elementor-top-section elementor-element elementor-element-dbfef84 elementor-section-boxed elementor-section-height-default elementor-section-height-default\" data-id=\"dbfef84\" data-element_type=\"section\">\n\t\t\t\t\t\t<div class=\"elementor-container elementor-column-gap-default\">\n\t\t\t\t\t<div class=\"elementor-column elementor-col-100 elementor-top-column elementor-element elementor-element-4bf019d\" data-id=\"4bf019d\" data-element_type=\"column\">\n\t\t\t<div class=\"elementor-widget-wrap elementor-element-populated\">\n\t\t\t\t\t\t<div class=\"elementor-element elementor-element-cc547cb elementor-widget elementor-widget-spacer\" data-id=\"cc547cb\" data-element_type=\"widget\" data-widget_type=\"spacer.default\">\n\t\t\t\t<div class=\"elementor-widget-container\">\n\t\t\t\t\t<div class=\"elementor-spacer\">\n\t\t\t<div class=\"elementor-spacer-inner\"><\/div>\n\t\t<\/div>\n\t\t\t\t<\/div>\n\t\t\t\t<\/div>\n\t\t\t\t<div class=\"elementor-element elementor-element-3d3c4b7 elementor-widget elementor-widget-text-editor\" data-id=\"3d3c4b7\" data-element_type=\"widget\" data-widget_type=\"text-editor.default\">\n\t\t\t\t<div class=\"elementor-widget-container\">\n\t\t\t\t\t\t\t<p>A <strong>GRUPO SC CONSULTORES<\/strong> OFERIM UN SERVEI ESPECIALITZAT DE <strong>GESTI\u00d3 D\u2019ACTIUS IMMOBILIARIS<\/strong>, CENTRAT EN <strong>IMMOBLES INDUSTRIALS, LOG\u00cdSTICS I COMERCIALS<\/strong>, PRINCIPALMENT A LA <strong>COMUNITAT VALENCIANA<\/strong> I AMB UNA ACTIVITAT CREIXENT A LA RESTA DEL TERRITORI ESPANYOL<\/p>\n\t\t\t\t\t\t<\/div>\n\t\t\t\t<\/div>\n\t\t\t\t<div class=\"elementor-element elementor-element-623fb83 elementor-widget elementor-widget-spacer\" data-id=\"623fb83\" data-element_type=\"widget\" data-widget_type=\"spacer.default\">\n\t\t\t\t<div class=\"elementor-widget-container\">\n\t\t\t\t\t<div class=\"elementor-spacer\">\n\t\t\t<div class=\"elementor-spacer-inner\"><\/div>\n\t\t<\/div>\n\t\t\t\t<\/div>\n\t\t\t\t<\/div>\n\t\t\t\t<div class=\"elementor-element elementor-element-0a547c5 elementor-widget elementor-widget-image\" data-id=\"0a547c5\" data-element_type=\"widget\" data-widget_type=\"image.default\">\n\t\t\t\t<div class=\"elementor-widget-container\">\n\t\t\t\t\t\t\t\t\t\t\t\t\t<img fetchpriority=\"high\" decoding=\"async\" width=\"2560\" height=\"1707\" src=\"https:\/\/gruposc.es\/wp-content\/uploads\/2024\/05\/INVERSION_1.jpeg\" class=\"attachment-full size-full wp-image-1013\" alt=\"\" srcset=\"https:\/\/gruposc.es\/wp-content\/uploads\/2024\/05\/INVERSION_1.jpeg 2560w, https:\/\/gruposc.es\/wp-content\/uploads\/2024\/05\/INVERSION_1-300x200.jpeg 300w, https:\/\/gruposc.es\/wp-content\/uploads\/2024\/05\/INVERSION_1-1024x683.jpeg 1024w, https:\/\/gruposc.es\/wp-content\/uploads\/2024\/05\/INVERSION_1-768x512.jpeg 768w, https:\/\/gruposc.es\/wp-content\/uploads\/2024\/05\/INVERSION_1-1536x1024.jpeg 1536w, https:\/\/gruposc.es\/wp-content\/uploads\/2024\/05\/INVERSION_1-2048x1366.jpeg 2048w\" sizes=\"(max-width: 2560px) 100vw, 2560px\" \/>\t\t\t\t\t\t\t\t\t\t\t\t\t<\/div>\n\t\t\t\t<\/div>\n\t\t\t\t<div class=\"elementor-element elementor-element-37c940e elementor-widget elementor-widget-text-editor\" data-id=\"37c940e\" data-element_type=\"widget\" data-widget_type=\"text-editor.default\">\n\t\t\t\t<div class=\"elementor-widget-container\">\n\t\t\t\t\t\t\tEl nostre objectiu principal \u00e9s <strong>maximitzar el rendiment de cada actiu<\/strong>, assegurant l\u2019efici\u00e8ncia operativa, la revaloraci\u00f3 dels actius i l\u2019alineaci\u00f3 amb els objectius d\u2019inversi\u00f3 de cada client.\r\n\r\nGestionem actius tant <strong>per a clients del despatx<\/strong>, que confien en nosaltres per optimitzar les seues inversions, com <strong>en projectes propis<\/strong>, amb una gesti\u00f3 directa orientada a la creaci\u00f3 de valor.\r\n\r\nLes nostres l\u00ednies principals d\u2019actuaci\u00f3 inclouen:\r\n<ul>\r\n \t<li>Elaboraci\u00f3 de plans de gesti\u00f3 personalitzats per a cada actiu o cartera.<\/li>\r\n \t<li>Optimitzaci\u00f3 de rendes, ocupaci\u00f3 i costos operatius.<\/li>\r\n \t<li>Gesti\u00f3 de contractes i relaci\u00f3 amb arrendataris.<\/li>\r\n \t<li>Reposicionament d\u2019actius per a un millor aprofitament.<\/li>\r\n \t<li>An\u00e0lisi t\u00e8cnica, financera i estrat\u00e8gica continuada.<\/li>\r\n \t<li>Coordinaci\u00f3 de manteniments, reformes i adequacions.<\/li>\r\n<\/ul>\r\nTreballem amb una visi\u00f3 a llarg termini, amb comprom\u00eds, rigor i proximitat. La nostra experi\u00e8ncia ens permet anticipar-nos al mercat, prendre decisions estrat\u00e8giques i millorar la rendibilitat de cada actiu sota gesti\u00f3.\t\t\t\t\t\t<\/div>\n\t\t\t\t<\/div>\n\t\t\t\t<div class=\"elementor-element elementor-element-e0f1f11 elementor-widget elementor-widget-spacer\" data-id=\"e0f1f11\" data-element_type=\"widget\" data-widget_type=\"spacer.default\">\n\t\t\t\t<div class=\"elementor-widget-container\">\n\t\t\t\t\t<div class=\"elementor-spacer\">\n\t\t\t<div class=\"elementor-spacer-inner\"><\/div>\n\t\t<\/div>\n\t\t\t\t<\/div>\n\t\t\t\t<\/div>\n\t\t\t\t<div class=\"elementor-element elementor-element-1e55add elementor-widget elementor-widget-spacer\" data-id=\"1e55add\" data-element_type=\"widget\" data-widget_type=\"spacer.default\">\n\t\t\t\t<div class=\"elementor-widget-container\">\n\t\t\t\t\t<div class=\"elementor-spacer\">\n\t\t\t<div class=\"elementor-spacer-inner\"><\/div>\n\t\t<\/div>\n\t\t\t\t<\/div>\n\t\t\t\t<\/div>\n\t\t\t\t\t<\/div>\n\t\t<\/div>\n\t\t\t\t\t<\/div>\n\t\t<\/section>\n\t\t\t\t<\/div>\n\t\t","protected":false},"excerpt":{"rendered":"<p>GESTI\u00d3 D&#8217;ACTIUS A GRUPO SC CONSULTORES OFERIM UN SERVEI ESPECIALITZAT DE GESTI\u00d3 D\u2019ACTIUS IMMOBILIARIS, CENTRAT EN IMMOBLES INDUSTRIALS, LOG\u00cdSTICS I COMERCIALS, PRINCIPALMENT A LA COMUNITAT VALENCIANA I AMB UNA ACTIVITAT CREIXENT A LA RESTA DEL TERRITORI ESPANYOL El nostre objectiu principal \u00e9s maximitzar el rendiment de cada actiu, assegurant l\u2019efici\u00e8ncia operativa, la revaloraci\u00f3 dels actius [&hellip;]<\/p>\n","protected":false},"author":1,"featured_media":0,"parent":0,"menu_order":0,"comment_status":"closed","ping_status":"closed","template":"","meta":{"footnotes":""},"class_list":["post-1018","page","type-page","status-publish","hentry"],"yoast_head":"<!-- This site is optimized with the Yoast SEO plugin v22.7 - https:\/\/yoast.com\/wordpress\/plugins\/seo\/ -->\n<title>Gesti\u00f3 d&#039;Actius - GRUPO SC. Consultor\u00eda, promoci\u00f3n. inversi\u00f3n y proyectos Inmobiliarios. Ontinyent<\/title>\n<meta name=\"robots\" content=\"index, follow, max-snippet:-1, max-image-preview:large, max-video-preview:-1\" \/>\n<link rel=\"canonical\" href=\"https:\/\/gruposc.es\/ca\/gestio-dactius\/\" \/>\n<meta property=\"og:locale\" content=\"es_ES\" \/>\n<meta property=\"og:type\" content=\"article\" \/>\n<meta property=\"og:title\" content=\"Gesti\u00f3 d&#039;Actius - GRUPO SC. Consultor\u00eda, promoci\u00f3n. inversi\u00f3n y proyectos Inmobiliarios. Ontinyent\" \/>\n<meta property=\"og:description\" content=\"GESTI\u00d3 D&#8217;ACTIUS A GRUPO SC CONSULTORES OFERIM UN SERVEI ESPECIALITZAT DE GESTI\u00d3 D\u2019ACTIUS IMMOBILIARIS, CENTRAT EN IMMOBLES INDUSTRIALS, LOG\u00cdSTICS I COMERCIALS, PRINCIPALMENT A LA COMUNITAT VALENCIANA I AMB UNA ACTIVITAT CREIXENT A LA RESTA DEL TERRITORI ESPANYOL El nostre objectiu principal \u00e9s maximitzar el rendiment de cada actiu, assegurant l\u2019efici\u00e8ncia operativa, la revaloraci\u00f3 dels actius [&hellip;]\" \/>\n<meta property=\"og:url\" content=\"https:\/\/gruposc.es\/ca\/gestio-dactius\/\" \/>\n<meta property=\"og:site_name\" content=\"GRUPO SC. Consultor\u00eda, promoci\u00f3n. inversi\u00f3n y proyectos Inmobiliarios. Ontinyent\" \/>\n<meta property=\"og:image\" content=\"https:\/\/gruposc.es\/wp-content\/uploads\/2024\/05\/rayeta.svg\" \/>\n<meta name=\"twitter:card\" content=\"summary_large_image\" \/>\n<meta name=\"twitter:label1\" content=\"Est. reading time\" \/>\n\t<meta name=\"twitter:data1\" content=\"1 minute\" \/>\n<script type=\"application\/ld+json\" class=\"yoast-schema-graph\">{\"@context\":\"https:\/\/schema.org\",\"@graph\":[{\"@type\":\"WebPage\",\"@id\":\"https:\/\/gruposc.es\/ca\/gestio-dactius\/\",\"url\":\"https:\/\/gruposc.es\/ca\/gestio-dactius\/\",\"name\":\"Gesti\u00f3 d'Actius - GRUPO SC. Consultor\u00eda, promoci\u00f3n. inversi\u00f3n y proyectos Inmobiliarios. Ontinyent\",\"isPartOf\":{\"@id\":\"https:\/\/gruposc.es\/ca\/#website\"},\"primaryImageOfPage\":{\"@id\":\"https:\/\/gruposc.es\/ca\/gestio-dactius\/#primaryimage\"},\"image\":{\"@id\":\"https:\/\/gruposc.es\/ca\/gestio-dactius\/#primaryimage\"},\"thumbnailUrl\":\"https:\/\/gruposc.es\/wp-content\/uploads\/2024\/05\/rayeta.svg\",\"datePublished\":\"2025-08-05T14:19:30+00:00\",\"dateModified\":\"2025-08-05T14:19:30+00:00\",\"breadcrumb\":{\"@id\":\"https:\/\/gruposc.es\/ca\/gestio-dactius\/#breadcrumb\"},\"inLanguage\":\"es-VA\",\"potentialAction\":[{\"@type\":\"ReadAction\",\"target\":[\"https:\/\/gruposc.es\/ca\/gestio-dactius\/\"]}]},{\"@type\":\"ImageObject\",\"inLanguage\":\"es-VA\",\"@id\":\"https:\/\/gruposc.es\/ca\/gestio-dactius\/#primaryimage\",\"url\":\"https:\/\/gruposc.es\/wp-content\/uploads\/2024\/05\/rayeta.svg\",\"contentUrl\":\"https:\/\/gruposc.es\/wp-content\/uploads\/2024\/05\/rayeta.svg\"},{\"@type\":\"BreadcrumbList\",\"@id\":\"https:\/\/gruposc.es\/ca\/gestio-dactius\/#breadcrumb\",\"itemListElement\":[{\"@type\":\"ListItem\",\"position\":1,\"name\":\"Portada\",\"item\":\"https:\/\/gruposc.es\/ca\/\"},{\"@type\":\"ListItem\",\"position\":2,\"name\":\"Gesti\u00f3 d&#8217;Actius\"}]},{\"@type\":\"WebSite\",\"@id\":\"https:\/\/gruposc.es\/ca\/#website\",\"url\":\"https:\/\/gruposc.es\/ca\/\",\"name\":\"GRUPO SC. Consultor\u00eda, promoci\u00f3n. inversi\u00f3n y proyectos Inmobiliarios. Ontinyent\",\"description\":\"Consultor\u00eda, promoci\u00f3n. inversi\u00f3n y proyectos. Ontinyent.\",\"publisher\":{\"@id\":\"https:\/\/gruposc.es\/ca\/#organization\"},\"potentialAction\":[{\"@type\":\"SearchAction\",\"target\":{\"@type\":\"EntryPoint\",\"urlTemplate\":\"https:\/\/gruposc.es\/ca\/?s={search_term_string}\"},\"query-input\":\"required name=search_term_string\"}],\"inLanguage\":\"es-VA\"},{\"@type\":\"Organization\",\"@id\":\"https:\/\/gruposc.es\/ca\/#organization\",\"name\":\"GRUPO SC. Consultor\u00eda, promoci\u00f3n. inversi\u00f3n y proyectos Inmobiliarios. Ontinyent\",\"url\":\"https:\/\/gruposc.es\/ca\/\",\"logo\":{\"@type\":\"ImageObject\",\"inLanguage\":\"es-VA\",\"@id\":\"https:\/\/gruposc.es\/ca\/#\/schema\/logo\/image\/\",\"url\":\"https:\/\/gruposc.es\/wp-content\/uploads\/2024\/05\/logo_GRUPOSC_blanco.svg\",\"contentUrl\":\"https:\/\/gruposc.es\/wp-content\/uploads\/2024\/05\/logo_GRUPOSC_blanco.svg\",\"width\":305.43,\"height\":67.36,\"caption\":\"GRUPO SC. Consultor\u00eda, promoci\u00f3n. inversi\u00f3n y proyectos Inmobiliarios. Ontinyent\"},\"image\":{\"@id\":\"https:\/\/gruposc.es\/ca\/#\/schema\/logo\/image\/\"}}]}<\/script>\n<!-- \/ Yoast SEO plugin. -->","yoast_head_json":{"title":"Gesti\u00f3 d'Actius - GRUPO SC. Consultor\u00eda, promoci\u00f3n. inversi\u00f3n y proyectos Inmobiliarios. Ontinyent","robots":{"index":"index","follow":"follow","max-snippet":"max-snippet:-1","max-image-preview":"max-image-preview:large","max-video-preview":"max-video-preview:-1"},"canonical":"https:\/\/gruposc.es\/ca\/gestio-dactius\/","og_locale":"es_ES","og_type":"article","og_title":"Gesti\u00f3 d'Actius - GRUPO SC. Consultor\u00eda, promoci\u00f3n. inversi\u00f3n y proyectos Inmobiliarios. Ontinyent","og_description":"GESTI\u00d3 D&#8217;ACTIUS A GRUPO SC CONSULTORES OFERIM UN SERVEI ESPECIALITZAT DE GESTI\u00d3 D\u2019ACTIUS IMMOBILIARIS, CENTRAT EN IMMOBLES INDUSTRIALS, LOG\u00cdSTICS I COMERCIALS, PRINCIPALMENT A LA COMUNITAT VALENCIANA I AMB UNA ACTIVITAT CREIXENT A LA RESTA DEL TERRITORI ESPANYOL El nostre objectiu principal \u00e9s maximitzar el rendiment de cada actiu, assegurant l\u2019efici\u00e8ncia operativa, la revaloraci\u00f3 dels actius [&hellip;]","og_url":"https:\/\/gruposc.es\/ca\/gestio-dactius\/","og_site_name":"GRUPO SC. Consultor\u00eda, promoci\u00f3n. inversi\u00f3n y proyectos Inmobiliarios. Ontinyent","og_image":[{"url":"https:\/\/gruposc.es\/wp-content\/uploads\/2024\/05\/rayeta.svg"}],"twitter_card":"summary_large_image","twitter_misc":{"Est. reading time":"1 minute"},"schema":{"@context":"https:\/\/schema.org","@graph":[{"@type":"WebPage","@id":"https:\/\/gruposc.es\/ca\/gestio-dactius\/","url":"https:\/\/gruposc.es\/ca\/gestio-dactius\/","name":"Gesti\u00f3 d'Actius - GRUPO SC. Consultor\u00eda, promoci\u00f3n. inversi\u00f3n y proyectos Inmobiliarios. Ontinyent","isPartOf":{"@id":"https:\/\/gruposc.es\/ca\/#website"},"primaryImageOfPage":{"@id":"https:\/\/gruposc.es\/ca\/gestio-dactius\/#primaryimage"},"image":{"@id":"https:\/\/gruposc.es\/ca\/gestio-dactius\/#primaryimage"},"thumbnailUrl":"https:\/\/gruposc.es\/wp-content\/uploads\/2024\/05\/rayeta.svg","datePublished":"2025-08-05T14:19:30+00:00","dateModified":"2025-08-05T14:19:30+00:00","breadcrumb":{"@id":"https:\/\/gruposc.es\/ca\/gestio-dactius\/#breadcrumb"},"inLanguage":"es-VA","potentialAction":[{"@type":"ReadAction","target":["https:\/\/gruposc.es\/ca\/gestio-dactius\/"]}]},{"@type":"ImageObject","inLanguage":"es-VA","@id":"https:\/\/gruposc.es\/ca\/gestio-dactius\/#primaryimage","url":"https:\/\/gruposc.es\/wp-content\/uploads\/2024\/05\/rayeta.svg","contentUrl":"https:\/\/gruposc.es\/wp-content\/uploads\/2024\/05\/rayeta.svg"},{"@type":"BreadcrumbList","@id":"https:\/\/gruposc.es\/ca\/gestio-dactius\/#breadcrumb","itemListElement":[{"@type":"ListItem","position":1,"name":"Portada","item":"https:\/\/gruposc.es\/ca\/"},{"@type":"ListItem","position":2,"name":"Gesti\u00f3 d&#8217;Actius"}]},{"@type":"WebSite","@id":"https:\/\/gruposc.es\/ca\/#website","url":"https:\/\/gruposc.es\/ca\/","name":"GRUPO SC. Consultor\u00eda, promoci\u00f3n. inversi\u00f3n y proyectos Inmobiliarios. Ontinyent","description":"Consultor\u00eda, promoci\u00f3n. inversi\u00f3n y proyectos. Ontinyent.","publisher":{"@id":"https:\/\/gruposc.es\/ca\/#organization"},"potentialAction":[{"@type":"SearchAction","target":{"@type":"EntryPoint","urlTemplate":"https:\/\/gruposc.es\/ca\/?s={search_term_string}"},"query-input":"required name=search_term_string"}],"inLanguage":"es-VA"},{"@type":"Organization","@id":"https:\/\/gruposc.es\/ca\/#organization","name":"GRUPO SC. Consultor\u00eda, promoci\u00f3n. inversi\u00f3n y proyectos Inmobiliarios. Ontinyent","url":"https:\/\/gruposc.es\/ca\/","logo":{"@type":"ImageObject","inLanguage":"es-VA","@id":"https:\/\/gruposc.es\/ca\/#\/schema\/logo\/image\/","url":"https:\/\/gruposc.es\/wp-content\/uploads\/2024\/05\/logo_GRUPOSC_blanco.svg","contentUrl":"https:\/\/gruposc.es\/wp-content\/uploads\/2024\/05\/logo_GRUPOSC_blanco.svg","width":305.43,"height":67.36,"caption":"GRUPO SC. Consultor\u00eda, promoci\u00f3n. inversi\u00f3n y proyectos Inmobiliarios. Ontinyent"},"image":{"@id":"https:\/\/gruposc.es\/ca\/#\/schema\/logo\/image\/"}}]}},"_links":{"self":[{"href":"https:\/\/gruposc.es\/ca\/wp-json\/wp\/v2\/pages\/1018","targetHints":{"allow":["GET"]}}],"collection":[{"href":"https:\/\/gruposc.es\/ca\/wp-json\/wp\/v2\/pages"}],"about":[{"href":"https:\/\/gruposc.es\/ca\/wp-json\/wp\/v2\/types\/page"}],"author":[{"embeddable":true,"href":"https:\/\/gruposc.es\/ca\/wp-json\/wp\/v2\/users\/1"}],"replies":[{"embeddable":true,"href":"https:\/\/gruposc.es\/ca\/wp-json\/wp\/v2\/comments?post=1018"}],"version-history":[{"count":1,"href":"https:\/\/gruposc.es\/ca\/wp-json\/wp\/v2\/pages\/1018\/revisions"}],"predecessor-version":[{"id":1019,"href":"https:\/\/gruposc.es\/ca\/wp-json\/wp\/v2\/pages\/1018\/revisions\/1019"}],"wp:attachment":[{"href":"https:\/\/gruposc.es\/ca\/wp-json\/wp\/v2\/media?parent=1018"}],"curies":[{"name":"wp","href":"https:\/\/api.w.org\/{rel}","templated":true}]}}