{"id":1012,"date":"2025-08-05T16:16:53","date_gmt":"2025-08-05T14:16:53","guid":{"rendered":"https:\/\/gruposc.es\/inversio\/"},"modified":"2025-08-05T16:16:53","modified_gmt":"2025-08-05T14:16:53","slug":"inversio","status":"publish","type":"page","link":"https:\/\/gruposc.es\/ca\/inversio\/","title":{"rendered":"Inversi\u00f3"},"content":{"rendered":"\t\t<div data-elementor-type=\"wp-page\" data-elementor-id=\"1012\" class=\"elementor elementor-1012 elementor-203\" data-elementor-post-type=\"page\">\n\t\t\t\t\t\t<section class=\"elementor-section elementor-top-section elementor-element elementor-element-130a1c6 elementor-section-height-min-height elementor-section-items-bottom elementor-section-boxed elementor-section-height-default\" data-id=\"130a1c6\" data-element_type=\"section\" data-settings=\"{&quot;background_background&quot;:&quot;classic&quot;}\">\n\t\t\t\t\t\t<div class=\"elementor-container elementor-column-gap-default\">\n\t\t\t\t\t<div class=\"elementor-column elementor-col-100 elementor-top-column elementor-element elementor-element-b478b8c\" data-id=\"b478b8c\" data-element_type=\"column\">\n\t\t\t<div class=\"elementor-widget-wrap elementor-element-populated\">\n\t\t\t\t\t\t<div class=\"elementor-element elementor-element-12c5588 elementor-widget elementor-widget-heading\" data-id=\"12c5588\" data-element_type=\"widget\" data-widget_type=\"heading.default\">\n\t\t\t\t<div class=\"elementor-widget-container\">\n\t\t\t<h1 class=\"elementor-heading-title elementor-size-default\">INVERSI\u00d3<\/h1>\t\t<\/div>\n\t\t\t\t<\/div>\n\t\t\t\t<div class=\"elementor-element elementor-element-a8d1425 elementor-widget__width-auto elementor-absolute elementor-widget elementor-widget-image\" data-id=\"a8d1425\" data-element_type=\"widget\" data-settings=\"{&quot;_position&quot;:&quot;absolute&quot;}\" data-widget_type=\"image.default\">\n\t\t\t\t<div class=\"elementor-widget-container\">\n\t\t\t\t\t\t\t\t\t\t\t\t\t<img decoding=\"async\" width=\"14\" height=\"58\" src=\"https:\/\/gruposc.es\/wp-content\/uploads\/2024\/05\/rayeta.svg\" class=\"attachment-large size-large wp-image-534\" alt=\"\" \/>\t\t\t\t\t\t\t\t\t\t\t\t\t<\/div>\n\t\t\t\t<\/div>\n\t\t\t\t\t<\/div>\n\t\t<\/div>\n\t\t\t\t\t<\/div>\n\t\t<\/section>\n\t\t\t\t<section class=\"elementor-section elementor-top-section elementor-element elementor-element-11b41e7 elementor-section-boxed elementor-section-height-default elementor-section-height-default\" data-id=\"11b41e7\" data-element_type=\"section\">\n\t\t\t\t\t\t<div class=\"elementor-container elementor-column-gap-default\">\n\t\t\t\t\t<div class=\"elementor-column elementor-col-100 elementor-top-column elementor-element elementor-element-7fbc720\" data-id=\"7fbc720\" data-element_type=\"column\">\n\t\t\t<div class=\"elementor-widget-wrap elementor-element-populated\">\n\t\t\t\t\t\t<div class=\"elementor-element elementor-element-f8a7bdb elementor-widget elementor-widget-spacer\" data-id=\"f8a7bdb\" data-element_type=\"widget\" data-widget_type=\"spacer.default\">\n\t\t\t\t<div class=\"elementor-widget-container\">\n\t\t\t\t\t<div class=\"elementor-spacer\">\n\t\t\t<div class=\"elementor-spacer-inner\"><\/div>\n\t\t<\/div>\n\t\t\t\t<\/div>\n\t\t\t\t<\/div>\n\t\t\t\t<div class=\"elementor-element elementor-element-4a06fa8 elementor-widget elementor-widget-text-editor\" data-id=\"4a06fa8\" data-element_type=\"widget\" data-widget_type=\"text-editor.default\">\n\t\t\t\t<div class=\"elementor-widget-container\">\n\t\t\t\t\t\t\t<p>A <strong>GRUPO SC CONSULTORES<\/strong> IDENTIFIQUEM, ESTRUCTUREM I DESENVOLUPEM <strong>OPORTUNITATS D\u2019INVERSI\u00d3 IMMOBILI\u00c0RIA I EMPRESARIAL<\/strong>, AMB UN ENFOCAMENT ESTRAT\u00c8GIC EN ELS SECTORS <strong>INDUSTRIAL, LOG\u00cdSTIC I DE RETAIL<\/strong>.<\/p>\n\t\t\t\t\t\t<\/div>\n\t\t\t\t<\/div>\n\t\t\t\t<div class=\"elementor-element elementor-element-bd791db elementor-widget elementor-widget-image\" data-id=\"bd791db\" data-element_type=\"widget\" data-widget_type=\"image.default\">\n\t\t\t\t<div class=\"elementor-widget-container\">\n\t\t\t\t\t\t\t\t\t\t\t\t\t<img fetchpriority=\"high\" decoding=\"async\" width=\"2560\" height=\"1707\" src=\"https:\/\/gruposc.es\/wp-content\/uploads\/2024\/05\/INVERSION_1.jpeg\" class=\"attachment-full size-full wp-image-1013\" alt=\"\" srcset=\"https:\/\/gruposc.es\/wp-content\/uploads\/2024\/05\/INVERSION_1.jpeg 2560w, https:\/\/gruposc.es\/wp-content\/uploads\/2024\/05\/INVERSION_1-300x200.jpeg 300w, https:\/\/gruposc.es\/wp-content\/uploads\/2024\/05\/INVERSION_1-1024x683.jpeg 1024w, https:\/\/gruposc.es\/wp-content\/uploads\/2024\/05\/INVERSION_1-768x512.jpeg 768w, https:\/\/gruposc.es\/wp-content\/uploads\/2024\/05\/INVERSION_1-1536x1024.jpeg 1536w, https:\/\/gruposc.es\/wp-content\/uploads\/2024\/05\/INVERSION_1-2048x1366.jpeg 2048w\" sizes=\"(max-width: 2560px) 100vw, 2560px\" \/>\t\t\t\t\t\t\t\t\t\t\t\t\t<\/div>\n\t\t\t\t<\/div>\n\t\t\t\t<div class=\"elementor-element elementor-element-ecc0680 elementor-widget elementor-widget-text-editor\" data-id=\"ecc0680\" data-element_type=\"widget\" data-widget_type=\"text-editor.default\">\n\t\t\t\t<div class=\"elementor-widget-container\">\n\t\t\t\t\t\t\tEl nostre coneixement del mercat ens permet detectar actius i projectes amb alt potencial de rendibilitat i creixement, tant per als <strong>nostres clients inversors<\/strong> com mitjan\u00e7ant la <strong>nostra pr\u00f2pia participaci\u00f3 directa com a inversors<\/strong>.\r\n\r\nAmb una s\u00f2lida pres\u00e8ncia a la <strong>Comunitat Valenciana<\/strong> i una activitat en expansi\u00f3 a la resta del territori espanyol, treballem activament en:\r\n<ul>\r\n \t<li><strong>Inversi\u00f3 immobili\u00e0ria directa<\/strong>: actius industrials, log\u00edstics, comercials i s\u00f2ls estrat\u00e8gics.<\/li>\r\n \t<li><strong>Inversi\u00f3 en empreses<\/strong> vinculades a sectors productius, en processos de creixement, reestructuraci\u00f3 o successi\u00f3.<\/li>\r\n \t<li><strong>Coinversi\u00f3 i aliances estrat\u00e8giques<\/strong> amb fons, family offices, promotors o grups industrials.<\/li>\r\n \t<li><strong>Desenvolupament de projectes a mida<\/strong>, combinant capital, gesti\u00f3 i visi\u00f3 empresarial.<\/li>\r\n<\/ul>\r\nActuem amb un enfocament pragm\u00e0tic, selectiu i comprom\u00e9s, alineant els nostres interessos amb els dels nostres clients i socis per maximitzar el valor a llarg termini. En cada inversi\u00f3 aportem no nom\u00e9s capital, sin\u00f3 tamb\u00e9 an\u00e0lisi estrat\u00e8gica, una \u00e0mplia xarxa de contactes i una implicaci\u00f3 activa en tot el cicle del projecte.\t\t\t\t\t\t<\/div>\n\t\t\t\t<\/div>\n\t\t\t\t<div class=\"elementor-element elementor-element-52dd44b elementor-widget elementor-widget-spacer\" data-id=\"52dd44b\" data-element_type=\"widget\" data-widget_type=\"spacer.default\">\n\t\t\t\t<div class=\"elementor-widget-container\">\n\t\t\t\t\t<div class=\"elementor-spacer\">\n\t\t\t<div class=\"elementor-spacer-inner\"><\/div>\n\t\t<\/div>\n\t\t\t\t<\/div>\n\t\t\t\t<\/div>\n\t\t\t\t<div class=\"elementor-element elementor-element-6f21b5f elementor-widget elementor-widget-spacer\" data-id=\"6f21b5f\" data-element_type=\"widget\" data-widget_type=\"spacer.default\">\n\t\t\t\t<div class=\"elementor-widget-container\">\n\t\t\t\t\t<div class=\"elementor-spacer\">\n\t\t\t<div class=\"elementor-spacer-inner\"><\/div>\n\t\t<\/div>\n\t\t\t\t<\/div>\n\t\t\t\t<\/div>\n\t\t\t\t<div class=\"elementor-element elementor-element-46db39a elementor-widget elementor-widget-image\" data-id=\"46db39a\" data-element_type=\"widget\" data-widget_type=\"image.default\">\n\t\t\t\t<div class=\"elementor-widget-container\">\n\t\t\t\t\t\t\t\t\t\t\t\t\t<img decoding=\"async\" width=\"2560\" height=\"1707\" src=\"https:\/\/gruposc.es\/wp-content\/uploads\/2024\/05\/INVERSION_2-scaled.jpeg\" class=\"attachment-full size-full wp-image-1014\" alt=\"\" srcset=\"https:\/\/gruposc.es\/wp-content\/uploads\/2024\/05\/INVERSION_2-scaled.jpeg 2560w, https:\/\/gruposc.es\/wp-content\/uploads\/2024\/05\/INVERSION_2-300x200.jpeg 300w, https:\/\/gruposc.es\/wp-content\/uploads\/2024\/05\/INVERSION_2-1024x683.jpeg 1024w, https:\/\/gruposc.es\/wp-content\/uploads\/2024\/05\/INVERSION_2-768x512.jpeg 768w, https:\/\/gruposc.es\/wp-content\/uploads\/2024\/05\/INVERSION_2-1536x1024.jpeg 1536w, https:\/\/gruposc.es\/wp-content\/uploads\/2024\/05\/INVERSION_2-2048x1365.jpeg 2048w\" sizes=\"(max-width: 2560px) 100vw, 2560px\" \/>\t\t\t\t\t\t\t\t\t\t\t\t\t<\/div>\n\t\t\t\t<\/div>\n\t\t\t\t\t<\/div>\n\t\t<\/div>\n\t\t\t\t\t<\/div>\n\t\t<\/section>\n\t\t\t\t<\/div>\n\t\t","protected":false},"excerpt":{"rendered":"<p>INVERSI\u00d3 A GRUPO SC CONSULTORES IDENTIFIQUEM, ESTRUCTUREM I DESENVOLUPEM OPORTUNITATS D\u2019INVERSI\u00d3 IMMOBILI\u00c0RIA I EMPRESARIAL, AMB UN ENFOCAMENT ESTRAT\u00c8GIC EN ELS SECTORS INDUSTRIAL, LOG\u00cdSTIC I DE RETAIL. El nostre coneixement del mercat ens permet detectar actius i projectes amb alt potencial de rendibilitat i creixement, tant per als nostres clients inversors com mitjan\u00e7ant la nostra pr\u00f2pia [&hellip;]<\/p>\n","protected":false},"author":1,"featured_media":0,"parent":0,"menu_order":0,"comment_status":"closed","ping_status":"closed","template":"","meta":{"footnotes":""},"class_list":["post-1012","page","type-page","status-publish","hentry"],"yoast_head":"<!-- This site is optimized with the Yoast SEO plugin v22.7 - https:\/\/yoast.com\/wordpress\/plugins\/seo\/ -->\n<title>Inversi\u00f3 - GRUPO SC. Consultor\u00eda, promoci\u00f3n. inversi\u00f3n y proyectos Inmobiliarios. Ontinyent<\/title>\n<meta name=\"robots\" content=\"index, follow, max-snippet:-1, max-image-preview:large, max-video-preview:-1\" \/>\n<link rel=\"canonical\" href=\"https:\/\/gruposc.es\/ca\/inversio\/\" \/>\n<meta property=\"og:locale\" content=\"es_ES\" \/>\n<meta property=\"og:type\" content=\"article\" \/>\n<meta property=\"og:title\" content=\"Inversi\u00f3 - GRUPO SC. Consultor\u00eda, promoci\u00f3n. inversi\u00f3n y proyectos Inmobiliarios. Ontinyent\" \/>\n<meta property=\"og:description\" content=\"INVERSI\u00d3 A GRUPO SC CONSULTORES IDENTIFIQUEM, ESTRUCTUREM I DESENVOLUPEM OPORTUNITATS D\u2019INVERSI\u00d3 IMMOBILI\u00c0RIA I EMPRESARIAL, AMB UN ENFOCAMENT ESTRAT\u00c8GIC EN ELS SECTORS INDUSTRIAL, LOG\u00cdSTIC I DE RETAIL. El nostre coneixement del mercat ens permet detectar actius i projectes amb alt potencial de rendibilitat i creixement, tant per als nostres clients inversors com mitjan\u00e7ant la nostra pr\u00f2pia [&hellip;]\" \/>\n<meta property=\"og:url\" content=\"https:\/\/gruposc.es\/ca\/inversio\/\" \/>\n<meta property=\"og:site_name\" content=\"GRUPO SC. Consultor\u00eda, promoci\u00f3n. inversi\u00f3n y proyectos Inmobiliarios. Ontinyent\" \/>\n<meta property=\"og:image\" content=\"https:\/\/gruposc.es\/wp-content\/uploads\/2024\/05\/rayeta.svg\" \/>\n<meta name=\"twitter:card\" content=\"summary_large_image\" \/>\n<meta name=\"twitter:label1\" content=\"Est. reading time\" \/>\n\t<meta name=\"twitter:data1\" content=\"1 minute\" \/>\n<script type=\"application\/ld+json\" class=\"yoast-schema-graph\">{\"@context\":\"https:\/\/schema.org\",\"@graph\":[{\"@type\":\"WebPage\",\"@id\":\"https:\/\/gruposc.es\/ca\/inversio\/\",\"url\":\"https:\/\/gruposc.es\/ca\/inversio\/\",\"name\":\"Inversi\u00f3 - GRUPO SC. Consultor\u00eda, promoci\u00f3n. inversi\u00f3n y proyectos Inmobiliarios. Ontinyent\",\"isPartOf\":{\"@id\":\"https:\/\/gruposc.es\/ca\/#website\"},\"primaryImageOfPage\":{\"@id\":\"https:\/\/gruposc.es\/ca\/inversio\/#primaryimage\"},\"image\":{\"@id\":\"https:\/\/gruposc.es\/ca\/inversio\/#primaryimage\"},\"thumbnailUrl\":\"https:\/\/gruposc.es\/wp-content\/uploads\/2024\/05\/rayeta.svg\",\"datePublished\":\"2025-08-05T14:16:53+00:00\",\"dateModified\":\"2025-08-05T14:16:53+00:00\",\"breadcrumb\":{\"@id\":\"https:\/\/gruposc.es\/ca\/inversio\/#breadcrumb\"},\"inLanguage\":\"es-VA\",\"potentialAction\":[{\"@type\":\"ReadAction\",\"target\":[\"https:\/\/gruposc.es\/ca\/inversio\/\"]}]},{\"@type\":\"ImageObject\",\"inLanguage\":\"es-VA\",\"@id\":\"https:\/\/gruposc.es\/ca\/inversio\/#primaryimage\",\"url\":\"https:\/\/gruposc.es\/wp-content\/uploads\/2024\/05\/rayeta.svg\",\"contentUrl\":\"https:\/\/gruposc.es\/wp-content\/uploads\/2024\/05\/rayeta.svg\"},{\"@type\":\"BreadcrumbList\",\"@id\":\"https:\/\/gruposc.es\/ca\/inversio\/#breadcrumb\",\"itemListElement\":[{\"@type\":\"ListItem\",\"position\":1,\"name\":\"Portada\",\"item\":\"https:\/\/gruposc.es\/ca\/\"},{\"@type\":\"ListItem\",\"position\":2,\"name\":\"Inversi\u00f3\"}]},{\"@type\":\"WebSite\",\"@id\":\"https:\/\/gruposc.es\/ca\/#website\",\"url\":\"https:\/\/gruposc.es\/ca\/\",\"name\":\"GRUPO SC. Consultor\u00eda, promoci\u00f3n. inversi\u00f3n y proyectos Inmobiliarios. Ontinyent\",\"description\":\"Consultor\u00eda, promoci\u00f3n. inversi\u00f3n y proyectos. Ontinyent.\",\"publisher\":{\"@id\":\"https:\/\/gruposc.es\/ca\/#organization\"},\"potentialAction\":[{\"@type\":\"SearchAction\",\"target\":{\"@type\":\"EntryPoint\",\"urlTemplate\":\"https:\/\/gruposc.es\/ca\/?s={search_term_string}\"},\"query-input\":\"required name=search_term_string\"}],\"inLanguage\":\"es-VA\"},{\"@type\":\"Organization\",\"@id\":\"https:\/\/gruposc.es\/ca\/#organization\",\"name\":\"GRUPO SC. Consultor\u00eda, promoci\u00f3n. inversi\u00f3n y proyectos Inmobiliarios. Ontinyent\",\"url\":\"https:\/\/gruposc.es\/ca\/\",\"logo\":{\"@type\":\"ImageObject\",\"inLanguage\":\"es-VA\",\"@id\":\"https:\/\/gruposc.es\/ca\/#\/schema\/logo\/image\/\",\"url\":\"https:\/\/gruposc.es\/wp-content\/uploads\/2024\/05\/logo_GRUPOSC_blanco.svg\",\"contentUrl\":\"https:\/\/gruposc.es\/wp-content\/uploads\/2024\/05\/logo_GRUPOSC_blanco.svg\",\"width\":305.43,\"height\":67.36,\"caption\":\"GRUPO SC. Consultor\u00eda, promoci\u00f3n. inversi\u00f3n y proyectos Inmobiliarios. Ontinyent\"},\"image\":{\"@id\":\"https:\/\/gruposc.es\/ca\/#\/schema\/logo\/image\/\"}}]}<\/script>\n<!-- \/ Yoast SEO plugin. -->","yoast_head_json":{"title":"Inversi\u00f3 - GRUPO SC. Consultor\u00eda, promoci\u00f3n. inversi\u00f3n y proyectos Inmobiliarios. Ontinyent","robots":{"index":"index","follow":"follow","max-snippet":"max-snippet:-1","max-image-preview":"max-image-preview:large","max-video-preview":"max-video-preview:-1"},"canonical":"https:\/\/gruposc.es\/ca\/inversio\/","og_locale":"es_ES","og_type":"article","og_title":"Inversi\u00f3 - GRUPO SC. Consultor\u00eda, promoci\u00f3n. inversi\u00f3n y proyectos Inmobiliarios. Ontinyent","og_description":"INVERSI\u00d3 A GRUPO SC CONSULTORES IDENTIFIQUEM, ESTRUCTUREM I DESENVOLUPEM OPORTUNITATS D\u2019INVERSI\u00d3 IMMOBILI\u00c0RIA I EMPRESARIAL, AMB UN ENFOCAMENT ESTRAT\u00c8GIC EN ELS SECTORS INDUSTRIAL, LOG\u00cdSTIC I DE RETAIL. El nostre coneixement del mercat ens permet detectar actius i projectes amb alt potencial de rendibilitat i creixement, tant per als nostres clients inversors com mitjan\u00e7ant la nostra pr\u00f2pia [&hellip;]","og_url":"https:\/\/gruposc.es\/ca\/inversio\/","og_site_name":"GRUPO SC. Consultor\u00eda, promoci\u00f3n. inversi\u00f3n y proyectos Inmobiliarios. Ontinyent","og_image":[{"url":"https:\/\/gruposc.es\/wp-content\/uploads\/2024\/05\/rayeta.svg"}],"twitter_card":"summary_large_image","twitter_misc":{"Est. reading time":"1 minute"},"schema":{"@context":"https:\/\/schema.org","@graph":[{"@type":"WebPage","@id":"https:\/\/gruposc.es\/ca\/inversio\/","url":"https:\/\/gruposc.es\/ca\/inversio\/","name":"Inversi\u00f3 - GRUPO SC. Consultor\u00eda, promoci\u00f3n. inversi\u00f3n y proyectos Inmobiliarios. Ontinyent","isPartOf":{"@id":"https:\/\/gruposc.es\/ca\/#website"},"primaryImageOfPage":{"@id":"https:\/\/gruposc.es\/ca\/inversio\/#primaryimage"},"image":{"@id":"https:\/\/gruposc.es\/ca\/inversio\/#primaryimage"},"thumbnailUrl":"https:\/\/gruposc.es\/wp-content\/uploads\/2024\/05\/rayeta.svg","datePublished":"2025-08-05T14:16:53+00:00","dateModified":"2025-08-05T14:16:53+00:00","breadcrumb":{"@id":"https:\/\/gruposc.es\/ca\/inversio\/#breadcrumb"},"inLanguage":"es-VA","potentialAction":[{"@type":"ReadAction","target":["https:\/\/gruposc.es\/ca\/inversio\/"]}]},{"@type":"ImageObject","inLanguage":"es-VA","@id":"https:\/\/gruposc.es\/ca\/inversio\/#primaryimage","url":"https:\/\/gruposc.es\/wp-content\/uploads\/2024\/05\/rayeta.svg","contentUrl":"https:\/\/gruposc.es\/wp-content\/uploads\/2024\/05\/rayeta.svg"},{"@type":"BreadcrumbList","@id":"https:\/\/gruposc.es\/ca\/inversio\/#breadcrumb","itemListElement":[{"@type":"ListItem","position":1,"name":"Portada","item":"https:\/\/gruposc.es\/ca\/"},{"@type":"ListItem","position":2,"name":"Inversi\u00f3"}]},{"@type":"WebSite","@id":"https:\/\/gruposc.es\/ca\/#website","url":"https:\/\/gruposc.es\/ca\/","name":"GRUPO SC. Consultor\u00eda, promoci\u00f3n. inversi\u00f3n y proyectos Inmobiliarios. Ontinyent","description":"Consultor\u00eda, promoci\u00f3n. inversi\u00f3n y proyectos. Ontinyent.","publisher":{"@id":"https:\/\/gruposc.es\/ca\/#organization"},"potentialAction":[{"@type":"SearchAction","target":{"@type":"EntryPoint","urlTemplate":"https:\/\/gruposc.es\/ca\/?s={search_term_string}"},"query-input":"required name=search_term_string"}],"inLanguage":"es-VA"},{"@type":"Organization","@id":"https:\/\/gruposc.es\/ca\/#organization","name":"GRUPO SC. Consultor\u00eda, promoci\u00f3n. inversi\u00f3n y proyectos Inmobiliarios. Ontinyent","url":"https:\/\/gruposc.es\/ca\/","logo":{"@type":"ImageObject","inLanguage":"es-VA","@id":"https:\/\/gruposc.es\/ca\/#\/schema\/logo\/image\/","url":"https:\/\/gruposc.es\/wp-content\/uploads\/2024\/05\/logo_GRUPOSC_blanco.svg","contentUrl":"https:\/\/gruposc.es\/wp-content\/uploads\/2024\/05\/logo_GRUPOSC_blanco.svg","width":305.43,"height":67.36,"caption":"GRUPO SC. Consultor\u00eda, promoci\u00f3n. inversi\u00f3n y proyectos Inmobiliarios. Ontinyent"},"image":{"@id":"https:\/\/gruposc.es\/ca\/#\/schema\/logo\/image\/"}}]}},"_links":{"self":[{"href":"https:\/\/gruposc.es\/ca\/wp-json\/wp\/v2\/pages\/1012","targetHints":{"allow":["GET"]}}],"collection":[{"href":"https:\/\/gruposc.es\/ca\/wp-json\/wp\/v2\/pages"}],"about":[{"href":"https:\/\/gruposc.es\/ca\/wp-json\/wp\/v2\/types\/page"}],"author":[{"embeddable":true,"href":"https:\/\/gruposc.es\/ca\/wp-json\/wp\/v2\/users\/1"}],"replies":[{"embeddable":true,"href":"https:\/\/gruposc.es\/ca\/wp-json\/wp\/v2\/comments?post=1012"}],"version-history":[{"count":1,"href":"https:\/\/gruposc.es\/ca\/wp-json\/wp\/v2\/pages\/1012\/revisions"}],"predecessor-version":[{"id":1015,"href":"https:\/\/gruposc.es\/ca\/wp-json\/wp\/v2\/pages\/1012\/revisions\/1015"}],"wp:attachment":[{"href":"https:\/\/gruposc.es\/ca\/wp-json\/wp\/v2\/media?parent=1012"}],"curies":[{"name":"wp","href":"https:\/\/api.w.org\/{rel}","templated":true}]}}